{"id":1553,"date":"2024-09-30T15:39:25","date_gmt":"2024-09-30T15:39:25","guid":{"rendered":"https:\/\/eagleschildcare.com\/?page_id=1553"},"modified":"2026-02-26T09:03:16","modified_gmt":"2026-02-26T15:03:16","slug":"our-team","status":"publish","type":"page","link":"https:\/\/eagleschildcare.com\/es\/our-team\/","title":{"rendered":"Nuestro Equipo"},"content":{"rendered":"<div data-elementor-type=\"wp-page\" data-elementor-id=\"1553\" class=\"elementor elementor-1553\" data-elementor-post-type=\"page\">\n\t\t\t\t\t\t<section class=\"elementor-section elementor-top-section elementor-element elementor-element-7774437a elementor-section-boxed elementor-section-height-default elementor-section-height-default\" data-id=\"7774437a\" data-element_type=\"section\" data-e-type=\"section\">\n\t\t\t\t\t\t<div class=\"elementor-container elementor-column-gap-default\">\n\t\t\t\t\t<div class=\"elementor-column elementor-col-100 elementor-top-column elementor-element elementor-element-7ed0e768\" data-id=\"7ed0e768\" data-element_type=\"column\" data-e-type=\"column\">\n\t\t\t<div class=\"elementor-widget-wrap elementor-element-populated\">\n\t\t\t\t\t\t<div class=\"elementor-element elementor-element-2e2ccef3 elementor-widget elementor-widget-heading\" data-id=\"2e2ccef3\" data-element_type=\"widget\" data-e-type=\"widget\" data-widget_type=\"heading.default\">\n\t\t\t\t<div class=\"elementor-widget-container\">\n\t\t\t\t\t<h2 class=\"elementor-heading-title elementor-size-default\">Nuestro Equipo<\/h2>\t\t\t\t<\/div>\n\t\t\t\t<\/div>\n\t\t\t\t\t<\/div>\n\t\t<\/div>\n\t\t\t\t\t<\/div>\n\t\t<\/section>\n\t\t\t\t<section class=\"elementor-section elementor-top-section elementor-element elementor-element-50ca952 elementor-section-height-min-height elementor-section-boxed elementor-section-height-default elementor-section-items-middle\" data-id=\"50ca952\" data-element_type=\"section\" data-e-type=\"section\" data-settings=\"{&quot;background_background&quot;:&quot;classic&quot;,&quot;background_motion_fx_motion_fx_scrolling&quot;:&quot;yes&quot;,&quot;background_motion_fx_translateY_effect&quot;:&quot;yes&quot;,&quot;background_motion_fx_translateY_affectedRange&quot;:{&quot;unit&quot;:&quot;%&quot;,&quot;size&quot;:&quot;&quot;,&quot;sizes&quot;:{&quot;start&quot;:49,&quot;end&quot;:100}},&quot;background_motion_fx_scale_effect&quot;:&quot;yes&quot;,&quot;background_motion_fx_translateY_speed&quot;:{&quot;unit&quot;:&quot;px&quot;,&quot;size&quot;:4,&quot;sizes&quot;:[]},&quot;background_motion_fx_scale_direction&quot;:&quot;out-in&quot;,&quot;background_motion_fx_scale_speed&quot;:{&quot;unit&quot;:&quot;px&quot;,&quot;size&quot;:4,&quot;sizes&quot;:[]},&quot;background_motion_fx_scale_range&quot;:{&quot;unit&quot;:&quot;%&quot;,&quot;size&quot;:&quot;&quot;,&quot;sizes&quot;:{&quot;start&quot;:20,&quot;end&quot;:80}},&quot;background_motion_fx_devices&quot;:[&quot;desktop&quot;,&quot;tablet&quot;,&quot;mobile&quot;]}\">\n\t\t\t\t\t\t\t<div class=\"elementor-background-overlay\"><\/div>\n\t\t\t\t\t\t\t<div class=\"elementor-container elementor-column-gap-default\">\n\t\t\t\t\t<div class=\"elementor-column elementor-col-100 elementor-top-column elementor-element elementor-element-e970b50\" data-id=\"e970b50\" data-element_type=\"column\" data-e-type=\"column\">\n\t\t\t<div class=\"elementor-widget-wrap\">\n\t\t\t\t\t\t\t<\/div>\n\t\t<\/div>\n\t\t\t\t\t<\/div>\n\t\t<\/section>\n\t\t\t\t<section class=\"elementor-section elementor-top-section elementor-element elementor-element-49d710a elementor-section-boxed elementor-section-height-default elementor-section-height-default\" data-id=\"49d710a\" data-element_type=\"section\" data-e-type=\"section\" data-settings=\"{&quot;background_background&quot;:&quot;classic&quot;}\">\n\t\t\t\t\t\t<div class=\"elementor-container elementor-column-gap-default\">\n\t\t\t\t\t<div class=\"elementor-column elementor-col-100 elementor-top-column elementor-element elementor-element-7959e26\" data-id=\"7959e26\" data-element_type=\"column\" data-e-type=\"column\">\n\t\t\t<div class=\"elementor-widget-wrap elementor-element-populated\">\n\t\t\t\t\t\t<div class=\"elementor-element elementor-element-fae4f31 elementor-widget elementor-widget-heading\" data-id=\"fae4f31\" data-element_type=\"widget\" data-e-type=\"widget\" data-widget_type=\"heading.default\">\n\t\t\t\t<div class=\"elementor-widget-container\">\n\t\t\t\t\t<h4 class=\"elementor-heading-title elementor-size-default\">Dr. Mar\u00eda Montessori<\/h4>\t\t\t\t<\/div>\n\t\t\t\t<\/div>\n\t\t\t\t<div class=\"elementor-element elementor-element-543fb1c elementor-widget elementor-widget-heading\" data-id=\"543fb1c\" data-element_type=\"widget\" data-e-type=\"widget\" data-widget_type=\"heading.default\">\n\t\t\t\t<div class=\"elementor-widget-container\">\n\t\t\t\t\t<h4 class=\"elementor-heading-title elementor-size-default\">\u201cEl maestro tiene dos tareas: conducir a los ni\u00f1os hacia la concentraci\u00f3n y despu\u00e9s ayudarlos en su desarrollo\u201d.<\/h4>\t\t\t\t<\/div>\n\t\t\t\t<\/div>\n\t\t\t\t\t<\/div>\n\t\t<\/div>\n\t\t\t\t\t<\/div>\n\t\t<\/section>\n\t\t\t\t<section class=\"elementor-section elementor-top-section elementor-element elementor-element-3e41fe4b elementor-section-boxed elementor-section-height-default elementor-section-height-default\" data-id=\"3e41fe4b\" data-element_type=\"section\" data-e-type=\"section\">\n\t\t\t\t\t\t<div class=\"elementor-container elementor-column-gap-default\">\n\t\t\t\t\t<div class=\"elementor-column elementor-col-50 elementor-top-column elementor-element elementor-element-2c1a1819\" data-id=\"2c1a1819\" data-element_type=\"column\" data-e-type=\"column\">\n\t\t\t<div class=\"elementor-widget-wrap elementor-element-populated\">\n\t\t\t\t\t\t<div class=\"elementor-element elementor-element-6ef055b6 elementor-widget elementor-widget-heading\" data-id=\"6ef055b6\" data-element_type=\"widget\" data-e-type=\"widget\" data-widget_type=\"heading.default\">\n\t\t\t\t<div class=\"elementor-widget-container\">\n\t\t\t\t\t<h2 class=\"elementor-heading-title elementor-size-default\">\u00a1Nuestro Apasionado Equipo!<\/h2>\t\t\t\t<\/div>\n\t\t\t\t<\/div>\n\t\t\t\t\t<\/div>\n\t\t<\/div>\n\t\t\t\t<div class=\"elementor-column elementor-col-50 elementor-top-column elementor-element elementor-element-618296fa\" data-id=\"618296fa\" data-element_type=\"column\" data-e-type=\"column\">\n\t\t\t<div class=\"elementor-widget-wrap elementor-element-populated\">\n\t\t\t\t\t\t<div class=\"elementor-element elementor-element-4726838f elementor-widget elementor-widget-text-editor\" data-id=\"4726838f\" data-element_type=\"widget\" data-e-type=\"widget\" data-widget_type=\"text-editor.default\">\n\t\t\t\t<div class=\"elementor-widget-container\">\n\t\t\t\t\t\t\t\t\t<p class=\" translation-block\">En <strong>Eagles Childcare Center<\/strong>, nuestro equipo es el coraz\u00f3n de todo lo que hacemos. Cada miembro del equipo aporta pasi\u00f3n, experiencia y un compromiso profundo para crear un ambiente de apoyo y enriquecimiento para cada ni\u00f1o. \u00a1Conozca a las personas incre\u00edbles que hacen de nuestro centro un lugar de aprendizaje, crecimiento y alegr\u00eda!<\/p>\t\t\t\t\t\t\t\t<\/div>\n\t\t\t\t<\/div>\n\t\t\t\t\t<\/div>\n\t\t<\/div>\n\t\t\t\t\t<\/div>\n\t\t<\/section>\n\t\t\t\t<section class=\"elementor-section elementor-top-section elementor-element elementor-element-588a3ca elementor-section-boxed elementor-section-height-default elementor-section-height-default\" data-id=\"588a3ca\" data-element_type=\"section\" data-e-type=\"section\">\n\t\t\t\t\t\t<div class=\"elementor-container elementor-column-gap-default\">\n\t\t\t\t\t<div class=\"elementor-column elementor-col-16 elementor-top-column elementor-element elementor-element-9624125\" data-id=\"9624125\" data-element_type=\"column\" data-e-type=\"column\">\n\t\t\t<div class=\"elementor-widget-wrap\">\n\t\t\t\t\t\t\t<\/div>\n\t\t<\/div>\n\t\t\t\t<div class=\"elementor-column elementor-col-66 elementor-top-column elementor-element elementor-element-0f5f149\" data-id=\"0f5f149\" data-element_type=\"column\" data-e-type=\"column\">\n\t\t\t<div class=\"elementor-widget-wrap elementor-element-populated\">\n\t\t\t\t\t\t<section class=\"elementor-section elementor-inner-section elementor-element elementor-element-316a22b elementor-section-boxed elementor-section-height-default elementor-section-height-default\" data-id=\"316a22b\" data-element_type=\"section\" data-e-type=\"section\">\n\t\t\t\t\t\t<div class=\"elementor-container elementor-column-gap-default\">\n\t\t\t\t\t<div class=\"elementor-column elementor-col-50 elementor-inner-column elementor-element elementor-element-b04b536\" data-id=\"b04b536\" data-element_type=\"column\" data-e-type=\"column\">\n\t\t\t<div class=\"elementor-widget-wrap elementor-element-populated\">\n\t\t\t\t\t\t<div class=\"elementor-element elementor-element-cceb00a elementor-widget elementor-widget-image\" data-id=\"cceb00a\" data-element_type=\"widget\" data-e-type=\"widget\" data-widget_type=\"image.default\">\n\t\t\t\t<div class=\"elementor-widget-container\">\n\t\t\t\t\t\t\t\t\t\t\t\t\t\t\t<img fetchpriority=\"high\" decoding=\"async\" width=\"1583\" height=\"1583\" src=\"https:\/\/eagleschildcare.com\/wp-content\/uploads\/2025\/04\/Yamile.png\" class=\"attachment-full size-full wp-image-4241\" alt=\"\" srcset=\"https:\/\/eagleschildcare.com\/wp-content\/uploads\/2025\/04\/Yamile.png 1583w, https:\/\/eagleschildcare.com\/wp-content\/uploads\/2025\/04\/Yamile-300x300.png 300w, https:\/\/eagleschildcare.com\/wp-content\/uploads\/2025\/04\/Yamile-1024x1024.png 1024w, https:\/\/eagleschildcare.com\/wp-content\/uploads\/2025\/04\/Yamile-150x150.png 150w, https:\/\/eagleschildcare.com\/wp-content\/uploads\/2025\/04\/Yamile-768x768.png 768w, https:\/\/eagleschildcare.com\/wp-content\/uploads\/2025\/04\/Yamile-1536x1536.png 1536w, https:\/\/eagleschildcare.com\/wp-content\/uploads\/2025\/04\/Yamile-12x12.png 12w, https:\/\/eagleschildcare.com\/wp-content\/uploads\/2025\/04\/Yamile-640x640.png 640w, https:\/\/eagleschildcare.com\/wp-content\/uploads\/2025\/04\/Yamile-50x50.png 50w, https:\/\/eagleschildcare.com\/wp-content\/uploads\/2025\/04\/Yamile-100x100.png 100w\" sizes=\"(max-width: 1583px) 100vw, 1583px\" \/>\t\t\t\t\t\t\t\t\t\t\t\t\t\t\t<\/div>\n\t\t\t\t<\/div>\n\t\t\t\t<div class=\"elementor-element elementor-element-8f44be9 elementor-widget elementor-widget-image\" data-id=\"8f44be9\" data-element_type=\"widget\" data-e-type=\"widget\" data-widget_type=\"image.default\">\n\t\t\t\t<div class=\"elementor-widget-container\">\n\t\t\t\t\t\t\t\t\t\t\t\t\t\t\t<img decoding=\"async\" src=\"https:\/\/eagleschildcare.com\/wp-content\/uploads\/elementor\/thumbs\/yamile2-r1ghkaz557ccb7dihbf8pbheb8q63qgjk8zevvc370.jpg\" title=\"yamile2\" alt=\"yamile2\" loading=\"lazy\" \/>\t\t\t\t\t\t\t\t\t\t\t\t\t\t\t<\/div>\n\t\t\t\t<\/div>\n\t\t\t\t<div class=\"elementor-element elementor-element-87a5391 elementor-widget elementor-widget-text-editor\" data-id=\"87a5391\" data-element_type=\"widget\" data-e-type=\"widget\" data-widget_type=\"text-editor.default\">\n\t\t\t\t<div class=\"elementor-widget-container\">\n\t\t\t\t\t\t\t\t\t<p>Socio Fundador<\/p>\t\t\t\t\t\t\t\t<\/div>\n\t\t\t\t<\/div>\n\t\t\t\t\t<\/div>\n\t\t<\/div>\n\t\t\t\t<div class=\"elementor-column elementor-col-50 elementor-inner-column elementor-element elementor-element-8031233\" data-id=\"8031233\" data-element_type=\"column\" data-e-type=\"column\">\n\t\t\t<div class=\"elementor-widget-wrap elementor-element-populated\">\n\t\t\t\t\t\t<div class=\"elementor-element elementor-element-4f2975b elementor-widget elementor-widget-text-editor\" data-id=\"4f2975b\" data-element_type=\"widget\" data-e-type=\"widget\" data-widget_type=\"text-editor.default\">\n\t\t\t\t<div class=\"elementor-widget-container\">\n\t\t\t\t\t\t\t\t\t<p class=\" translation-block\">Mi pasi\u00f3n por la ense\u00f1anza comenz\u00f3 como maestra de escuela dominical durante mis a\u00f1os adolescentes, donde dirig\u00ed lecciones para ni\u00f1os peque\u00f1os y desarroll\u00e9 actividades atractivas para inspirar su aprendizaje. Estas experiencias consolidaron mi amor por la educaci\u00f3n y me impulsaron a obtener un t\u00edtulo en <strong>Educaci\u00f3n Infantil<\/strong> en el Ca\u00f1ada College del Area de la Bah\u00eda de San Francisco.<\/p><p>Despu\u00e9s de graduarme, lanc\u00e9 un negocio de cuidado infantil que ha prosperado por m\u00e1s de 15 a\u00f1os. Mi trabajo pone \u00e9nfasis en la creatividad, la paciencia y fomentar la curiosidad a trav\u00e9s de la narraci\u00f3n interactiva, el arte y los experimentos<\/p><p>M\u00e1s all\u00e1 de mi negocio, sigo comprometida con la ense\u00f1anza, trabajando como voluntaria en programas de iglesia y siendo mentora de adultos. Mi compromiso de por vida con la educaci\u00f3n contin\u00faa inspirando a estudiantes y padres, encarnando mi creencia de que el aprendizaje es clave para un futuro m\u00e1s brillante.<\/p>\t\t\t\t\t\t\t\t<\/div>\n\t\t\t\t<\/div>\n\t\t\t\t\t<\/div>\n\t\t<\/div>\n\t\t\t\t\t<\/div>\n\t\t<\/section>\n\t\t\t\t<section class=\"elementor-section elementor-inner-section elementor-element elementor-element-faaca81 elementor-section-boxed elementor-section-height-default elementor-section-height-default\" data-id=\"faaca81\" data-element_type=\"section\" data-e-type=\"section\">\n\t\t\t\t\t\t<div class=\"elementor-container elementor-column-gap-default\">\n\t\t\t\t\t<div class=\"elementor-column elementor-col-50 elementor-inner-column elementor-element elementor-element-0aea260\" data-id=\"0aea260\" data-element_type=\"column\" data-e-type=\"column\">\n\t\t\t<div class=\"elementor-widget-wrap elementor-element-populated\">\n\t\t\t\t\t\t<div class=\"elementor-element elementor-element-73d891c elementor-widget elementor-widget-text-editor\" data-id=\"73d891c\" data-element_type=\"widget\" data-e-type=\"widget\" data-widget_type=\"text-editor.default\">\n\t\t\t\t<div class=\"elementor-widget-container\">\n\t\t\t\t\t\t\t\t\t<p data-olk-copy-source=\"MessageBody\">Claudia Zapata es una apasionada defensora de la educaci\u00f3n infantil de calidad y del desarrollo integral de los ni\u00f1os. Con una formaci\u00f3n en Administraci\u00f3n de Empresas, especializada en Mercadotecnia y Relaciones P\u00fablicas, dej\u00f3 el mundo corporativo para dedicarse a la educaci\u00f3n infantil, donde descubri\u00f3 su verdadera vocaci\u00f3n: mejorar la calidad de los programas de cuidado infantil y empoderar a ni\u00f1os, familias y educadores.<\/p><p>Desde que emigr\u00f3 a los Estados Unidos en 2009, Claudia ha desarrollado una carrera enfocada en elevar los est\u00e1ndares de los programas de educaci\u00f3n infantil. Comenz\u00f3 como voluntaria en una organizaci\u00f3n sin fines de lucro en Omaha, NE, donde posteriormente asumi\u00f3 el cargo de directora del programa de guarder\u00edas. M\u00e1s tarde, fund\u00f3 su propia firma de consultor\u00eda, brindando mentor\u00eda, capacitaci\u00f3n y apoyo a proveedores de cuidado infantil en Nebraska y Texas, ayud\u00e1ndolos a mejorar la calidad de sus servicios.<\/p><p>Claudia promueve el respeto por el ni\u00f1o como individuo capaz y valioso, asegurando que su voz y sus necesidades sean el centro del proceso educativo. Basada en la filosof\u00eda Montessori, fomenta la independencia, la creatividad y el pensamiento cr\u00edtico, ayudando a los ni\u00f1os a desarrollar confianza y resiliencia. Tambi\u00e9n considera esencial la colaboraci\u00f3n entre familias y educadores para garantizar un apoyo integral.<\/p><p>En Eagles Child Care Center, Claudia y su equipo trabajan para proporcionar un ambiente c\u00e1lido, respetuoso y de alta calidad, donde cada ni\u00f1o es valorado y alentado a crecer basados en el amor y el respeto.<\/p>\t\t\t\t\t\t\t\t<\/div>\n\t\t\t\t<\/div>\n\t\t\t\t\t<\/div>\n\t\t<\/div>\n\t\t\t\t<div class=\"elementor-column elementor-col-50 elementor-inner-column elementor-element elementor-element-ba7ffa5\" data-id=\"ba7ffa5\" data-element_type=\"column\" data-e-type=\"column\">\n\t\t\t<div class=\"elementor-widget-wrap elementor-element-populated\">\n\t\t\t\t\t\t<div class=\"elementor-element elementor-element-b2b6cd4 elementor-widget elementor-widget-image\" data-id=\"b2b6cd4\" data-element_type=\"widget\" data-e-type=\"widget\" data-widget_type=\"image.default\">\n\t\t\t\t<div class=\"elementor-widget-container\">\n\t\t\t\t\t\t\t\t\t\t\t\t\t\t\t<img decoding=\"async\" width=\"1583\" height=\"1583\" src=\"https:\/\/eagleschildcare.com\/wp-content\/uploads\/2025\/04\/Claudia.png\" class=\"attachment-full size-full wp-image-4233\" alt=\"\" srcset=\"https:\/\/eagleschildcare.com\/wp-content\/uploads\/2025\/04\/Claudia.png 1583w, https:\/\/eagleschildcare.com\/wp-content\/uploads\/2025\/04\/Claudia-300x300.png 300w, https:\/\/eagleschildcare.com\/wp-content\/uploads\/2025\/04\/Claudia-1024x1024.png 1024w, https:\/\/eagleschildcare.com\/wp-content\/uploads\/2025\/04\/Claudia-150x150.png 150w, https:\/\/eagleschildcare.com\/wp-content\/uploads\/2025\/04\/Claudia-768x768.png 768w, https:\/\/eagleschildcare.com\/wp-content\/uploads\/2025\/04\/Claudia-1536x1536.png 1536w, https:\/\/eagleschildcare.com\/wp-content\/uploads\/2025\/04\/Claudia-12x12.png 12w, https:\/\/eagleschildcare.com\/wp-content\/uploads\/2025\/04\/Claudia-640x640.png 640w, https:\/\/eagleschildcare.com\/wp-content\/uploads\/2025\/04\/Claudia-50x50.png 50w, https:\/\/eagleschildcare.com\/wp-content\/uploads\/2025\/04\/Claudia-100x100.png 100w\" sizes=\"(max-width: 1583px) 100vw, 1583px\" \/>\t\t\t\t\t\t\t\t\t\t\t\t\t\t\t<\/div>\n\t\t\t\t<\/div>\n\t\t\t\t<div class=\"elementor-element elementor-element-f9b5665 elementor-widget elementor-widget-image\" data-id=\"f9b5665\" data-element_type=\"widget\" data-e-type=\"widget\" data-widget_type=\"image.default\">\n\t\t\t\t<div class=\"elementor-widget-container\">\n\t\t\t\t\t\t\t\t\t\t\t\t\t\t\t<img decoding=\"async\" src=\"https:\/\/eagleschildcare.com\/wp-content\/uploads\/elementor\/thumbs\/claudia-1-r1ghspn6133h3wb0ec9o5bgy8uzwmgpk39es3ym9s4.jpg\" title=\"claudia\" alt=\"claudia\" loading=\"lazy\" \/>\t\t\t\t\t\t\t\t\t\t\t\t\t\t\t<\/div>\n\t\t\t\t<\/div>\n\t\t\t\t<div class=\"elementor-element elementor-element-d0c9fb7 elementor-widget elementor-widget-text-editor\" data-id=\"d0c9fb7\" data-element_type=\"widget\" data-e-type=\"widget\" data-widget_type=\"text-editor.default\">\n\t\t\t\t<div class=\"elementor-widget-container\">\n\t\t\t\t\t\t\t\t\t<p>Socio Fundador<\/p>\t\t\t\t\t\t\t\t<\/div>\n\t\t\t\t<\/div>\n\t\t\t\t\t<\/div>\n\t\t<\/div>\n\t\t\t\t\t<\/div>\n\t\t<\/section>\n\t\t\t\t\t<\/div>\n\t\t<\/div>\n\t\t\t\t<div class=\"elementor-column elementor-col-16 elementor-top-column elementor-element elementor-element-6e2ac10\" data-id=\"6e2ac10\" data-element_type=\"column\" data-e-type=\"column\">\n\t\t\t<div class=\"elementor-widget-wrap\">\n\t\t\t\t\t\t\t<\/div>\n\t\t<\/div>\n\t\t\t\t\t<\/div>\n\t\t<\/section>\n\t\t\t\t<section class=\"elementor-section elementor-top-section elementor-element elementor-element-99d125a elementor-section-boxed elementor-section-height-default elementor-section-height-default\" data-id=\"99d125a\" data-element_type=\"section\" data-e-type=\"section\" data-settings=\"{&quot;background_background&quot;:&quot;classic&quot;}\">\n\t\t\t\t\t\t<div class=\"elementor-container elementor-column-gap-default\">\n\t\t\t\t\t<div class=\"elementor-column elementor-col-100 elementor-top-column elementor-element elementor-element-8dfaa66\" data-id=\"8dfaa66\" data-element_type=\"column\" data-e-type=\"column\">\n\t\t\t<div class=\"elementor-widget-wrap elementor-element-populated\">\n\t\t\t\t\t\t<div class=\"elementor-element elementor-element-43fdde9 elementor-widget elementor-widget-heading\" data-id=\"43fdde9\" data-element_type=\"widget\" data-e-type=\"widget\" data-widget_type=\"heading.default\">\n\t\t\t\t<div class=\"elementor-widget-container\">\n\t\t\t\t\t<h4 class=\"elementor-heading-title elementor-size-default\">\u00a1Nuestro equipo est\u00e1 aqu\u00ed para apoyar, inspirar y guiar a sus peque\u00f1os en cada paso del camino! \u00a1No podemos esperar a que nos conozcan en persona!<\/h4>\t\t\t\t<\/div>\n\t\t\t\t<\/div>\n\t\t\t\t\t<\/div>\n\t\t<\/div>\n\t\t\t\t\t<\/div>\n\t\t<\/section>\n\t\t\t\t<\/div>","protected":false},"excerpt":{"rendered":"<p>Our Team Dr. Mar\u00eda Montessori \u201cThe teacher has two tasks: to lead the children to concentration and to help them in their development afterwards.\u201d Meet Our Dedicated Team! At Eagles Childcare Center, our team is the heart of everything we do. Each staff member brings passion, expertise, and a deep commitment to creating a nurturing [&hellip;]<\/p>","protected":false},"author":1,"featured_media":0,"parent":0,"menu_order":0,"comment_status":"closed","ping_status":"closed","template":"","meta":{"site-sidebar-layout":"default","site-content-layout":"","ast-site-content-layout":"","site-content-style":"default","site-sidebar-style":"default","ast-global-header-display":"","ast-banner-title-visibility":"","ast-main-header-display":"","ast-hfb-above-header-display":"","ast-hfb-below-header-display":"","ast-hfb-mobile-header-display":"","site-post-title":"","ast-breadcrumbs-content":"","ast-featured-img":"","footer-sml-layout":"","theme-transparent-header-meta":"","adv-header-id-meta":"","stick-header-meta":"","header-above-stick-meta":"","header-main-stick-meta":"","header-below-stick-meta":"","astra-migrate-meta-layouts":"default","ast-page-background-enabled":"default","ast-page-background-meta":{"desktop":{"background-color":"var(--ast-global-color-4)","background-image":"","background-repeat":"repeat","background-position":"center center","background-size":"auto","background-attachment":"scroll","background-type":"","background-media":"","overlay-type":"","overlay-color":"","overlay-opacity":"","overlay-gradient":""},"tablet":{"background-color":"","background-image":"","background-repeat":"repeat","background-position":"center center","background-size":"auto","background-attachment":"scroll","background-type":"","background-media":"","overlay-type":"","overlay-color":"","overlay-opacity":"","overlay-gradient":""},"mobile":{"background-color":"","background-image":"","background-repeat":"repeat","background-position":"center center","background-size":"auto","background-attachment":"scroll","background-type":"","background-media":"","overlay-type":"","overlay-color":"","overlay-opacity":"","overlay-gradient":""}},"ast-content-background-meta":{"desktop":{"background-color":"var(--ast-global-color-5)","background-image":"","background-repeat":"repeat","background-position":"center center","background-size":"auto","background-attachment":"scroll","background-type":"","background-media":"","overlay-type":"","overlay-color":"","overlay-opacity":"","overlay-gradient":""},"tablet":{"background-color":"var(--ast-global-color-5)","background-image":"","background-repeat":"repeat","background-position":"center center","background-size":"auto","background-attachment":"scroll","background-type":"","background-media":"","overlay-type":"","overlay-color":"","overlay-opacity":"","overlay-gradient":""},"mobile":{"background-color":"var(--ast-global-color-5)","background-image":"","background-repeat":"repeat","background-position":"center center","background-size":"auto","background-attachment":"scroll","background-type":"","background-media":"","overlay-type":"","overlay-color":"","overlay-opacity":"","overlay-gradient":""}},"footnotes":""},"class_list":["post-1553","page","type-page","status-publish","hentry"],"_links":{"self":[{"href":"https:\/\/eagleschildcare.com\/es\/wp-json\/wp\/v2\/pages\/1553","targetHints":{"allow":["GET"]}}],"collection":[{"href":"https:\/\/eagleschildcare.com\/es\/wp-json\/wp\/v2\/pages"}],"about":[{"href":"https:\/\/eagleschildcare.com\/es\/wp-json\/wp\/v2\/types\/page"}],"author":[{"embeddable":true,"href":"https:\/\/eagleschildcare.com\/es\/wp-json\/wp\/v2\/users\/1"}],"replies":[{"embeddable":true,"href":"https:\/\/eagleschildcare.com\/es\/wp-json\/wp\/v2\/comments?post=1553"}],"version-history":[{"count":0,"href":"https:\/\/eagleschildcare.com\/es\/wp-json\/wp\/v2\/pages\/1553\/revisions"}],"wp:attachment":[{"href":"https:\/\/eagleschildcare.com\/es\/wp-json\/wp\/v2\/media?parent=1553"}],"curies":[{"name":"wp","href":"https:\/\/api.w.org\/{rel}","templated":true}]}}