{"id":2445,"date":"2024-10-10T14:54:56","date_gmt":"2024-10-10T14:54:56","guid":{"rendered":"https:\/\/eagleschildcare.com\/?page_id=2445"},"modified":"2025-03-05T15:34:19","modified_gmt":"2025-03-05T15:34:19","slug":"nest","status":"publish","type":"page","link":"https:\/\/eagleschildcare.com\/es\/nest\/","title":{"rendered":"NIDO"},"content":{"rendered":"<div data-elementor-type=\"wp-page\" data-elementor-id=\"2445\" class=\"elementor elementor-2445\" data-elementor-post-type=\"page\">\n\t\t\t\t\t\t<section class=\"elementor-section elementor-top-section elementor-element elementor-element-6f6a341 elementor-section-boxed elementor-section-height-default elementor-section-height-default\" data-id=\"6f6a341\" data-element_type=\"section\" data-e-type=\"section\">\n\t\t\t\t\t\t<div class=\"elementor-container elementor-column-gap-default\">\n\t\t\t\t\t<div class=\"elementor-column elementor-col-100 elementor-top-column elementor-element elementor-element-3e853b0\" data-id=\"3e853b0\" data-element_type=\"column\" data-e-type=\"column\">\n\t\t\t<div class=\"elementor-widget-wrap elementor-element-populated\">\n\t\t\t\t\t\t<div class=\"elementor-element elementor-element-dee736d elementor-widget elementor-widget-heading\" data-id=\"dee736d\" data-element_type=\"widget\" data-e-type=\"widget\" data-widget_type=\"heading.default\">\n\t\t\t\t<div class=\"elementor-widget-container\">\n\t\t\t\t\t<h2 class=\"elementor-heading-title elementor-size-default\">NIDO<\/h2>\t\t\t\t<\/div>\n\t\t\t\t<\/div>\n\t\t\t\t<div class=\"elementor-element elementor-element-dcf302f elementor-widget elementor-widget-text-editor\" data-id=\"dcf302f\" data-element_type=\"widget\" data-e-type=\"widget\" data-widget_type=\"text-editor.default\">\n\t\t\t\t<div class=\"elementor-widget-container\">\n\t\t\t\t\t\t\t\t\tDe 3 a 18 meses\t\t\t\t\t\t\t\t<\/div>\n\t\t\t\t<\/div>\n\t\t\t\t\t<\/div>\n\t\t<\/div>\n\t\t\t\t\t<\/div>\n\t\t<\/section>\n\t\t\t\t<section class=\"elementor-section elementor-top-section elementor-element elementor-element-5f61592 elementor-section-height-min-height elementor-section-boxed elementor-section-height-default elementor-section-items-middle\" data-id=\"5f61592\" data-element_type=\"section\" data-e-type=\"section\" data-settings=\"{&quot;background_background&quot;:&quot;classic&quot;,&quot;background_motion_fx_motion_fx_scrolling&quot;:&quot;yes&quot;,&quot;background_motion_fx_translateY_effect&quot;:&quot;yes&quot;,&quot;background_motion_fx_translateY_affectedRange&quot;:{&quot;unit&quot;:&quot;%&quot;,&quot;size&quot;:&quot;&quot;,&quot;sizes&quot;:{&quot;start&quot;:49,&quot;end&quot;:100}},&quot;background_motion_fx_scale_effect&quot;:&quot;yes&quot;,&quot;background_motion_fx_translateY_speed&quot;:{&quot;unit&quot;:&quot;px&quot;,&quot;size&quot;:4,&quot;sizes&quot;:[]},&quot;background_motion_fx_scale_direction&quot;:&quot;out-in&quot;,&quot;background_motion_fx_scale_speed&quot;:{&quot;unit&quot;:&quot;px&quot;,&quot;size&quot;:4,&quot;sizes&quot;:[]},&quot;background_motion_fx_scale_range&quot;:{&quot;unit&quot;:&quot;%&quot;,&quot;size&quot;:&quot;&quot;,&quot;sizes&quot;:{&quot;start&quot;:20,&quot;end&quot;:80}},&quot;background_motion_fx_devices&quot;:[&quot;desktop&quot;,&quot;tablet&quot;,&quot;mobile&quot;]}\">\n\t\t\t\t\t\t\t<div class=\"elementor-background-overlay\"><\/div>\n\t\t\t\t\t\t\t<div class=\"elementor-container elementor-column-gap-default\">\n\t\t\t\t\t<div class=\"elementor-column elementor-col-100 elementor-top-column elementor-element elementor-element-37ca87a\" data-id=\"37ca87a\" data-element_type=\"column\" data-e-type=\"column\">\n\t\t\t<div class=\"elementor-widget-wrap\">\n\t\t\t\t\t\t\t<\/div>\n\t\t<\/div>\n\t\t\t\t\t<\/div>\n\t\t<\/section>\n\t\t\t\t<section class=\"elementor-section elementor-top-section elementor-element elementor-element-450dbfb4 elementor-section-boxed elementor-section-height-default elementor-section-height-default\" data-id=\"450dbfb4\" data-element_type=\"section\" data-e-type=\"section\" data-settings=\"{&quot;background_background&quot;:&quot;classic&quot;}\">\n\t\t\t\t\t\t<div class=\"elementor-container elementor-column-gap-default\">\n\t\t\t\t\t<div class=\"elementor-column elementor-col-100 elementor-top-column elementor-element elementor-element-784f15ab\" data-id=\"784f15ab\" data-element_type=\"column\" data-e-type=\"column\">\n\t\t\t<div class=\"elementor-widget-wrap elementor-element-populated\">\n\t\t\t\t\t\t<div class=\"elementor-element elementor-element-6561ee4e elementor-widget elementor-widget-heading\" data-id=\"6561ee4e\" data-element_type=\"widget\" data-e-type=\"widget\" data-widget_type=\"heading.default\">\n\t\t\t\t<div class=\"elementor-widget-container\">\n\t\t\t\t\t<h4 class=\"elementor-heading-title elementor-size-default\">Dr. Mar\u00eda Montessori<\/h4>\t\t\t\t<\/div>\n\t\t\t\t<\/div>\n\t\t\t\t<div class=\"elementor-element elementor-element-569bde6e elementor-widget elementor-widget-heading\" data-id=\"569bde6e\" data-element_type=\"widget\" data-e-type=\"widget\" data-widget_type=\"heading.default\">\n\t\t\t\t<div class=\"elementor-widget-container\">\n\t\t\t\t\t<h4 class=\"elementor-heading-title elementor-size-default\">\"El ni\u00f1o es tanto una esperanza como una promesa para la humanidad\".<\/h4>\t\t\t\t<\/div>\n\t\t\t\t<\/div>\n\t\t\t\t\t<\/div>\n\t\t<\/div>\n\t\t\t\t\t<\/div>\n\t\t<\/section>\n\t\t\t\t<section class=\"elementor-section elementor-top-section elementor-element elementor-element-8b6306a elementor-section-boxed elementor-section-height-default elementor-section-height-default\" data-id=\"8b6306a\" data-element_type=\"section\" data-e-type=\"section\">\n\t\t\t\t\t\t<div class=\"elementor-container elementor-column-gap-default\">\n\t\t\t\t\t<div class=\"elementor-column elementor-col-100 elementor-top-column elementor-element elementor-element-7d6fc39\" data-id=\"7d6fc39\" data-element_type=\"column\" data-e-type=\"column\">\n\t\t\t<div class=\"elementor-widget-wrap elementor-element-populated\">\n\t\t\t\t\t\t<section class=\"elementor-section elementor-inner-section elementor-element elementor-element-3c4f045 elementor-section-boxed elementor-section-height-default elementor-section-height-default\" data-id=\"3c4f045\" data-element_type=\"section\" data-e-type=\"section\">\n\t\t\t\t\t\t<div class=\"elementor-container elementor-column-gap-default\">\n\t\t\t\t\t<div class=\"elementor-column elementor-col-50 elementor-inner-column elementor-element elementor-element-4c39ffd\" data-id=\"4c39ffd\" data-element_type=\"column\" data-e-type=\"column\">\n\t\t\t<div class=\"elementor-widget-wrap elementor-element-populated\">\n\t\t\t\t\t\t<div class=\"elementor-element elementor-element-17ec563 elementor-widget elementor-widget-image\" data-id=\"17ec563\" data-element_type=\"widget\" data-e-type=\"widget\" data-widget_type=\"image.default\">\n\t\t\t\t<div class=\"elementor-widget-container\">\n\t\t\t\t\t\t\t\t\t\t\t\t\t\t\t<img fetchpriority=\"high\" decoding=\"async\" width=\"370\" height=\"279\" src=\"https:\/\/eagleschildcare.com\/wp-content\/uploads\/2024\/10\/blog5-1.png\" class=\"attachment-large size-large wp-image-1782\" alt=\"\" srcset=\"https:\/\/eagleschildcare.com\/wp-content\/uploads\/2024\/10\/blog5-1.png 370w, https:\/\/eagleschildcare.com\/wp-content\/uploads\/2024\/10\/blog5-1-300x226.png 300w\" sizes=\"(max-width: 370px) 100vw, 370px\" \/>\t\t\t\t\t\t\t\t\t\t\t\t\t\t\t<\/div>\n\t\t\t\t<\/div>\n\t\t\t\t\t<\/div>\n\t\t<\/div>\n\t\t\t\t<div class=\"elementor-column elementor-col-50 elementor-inner-column elementor-element elementor-element-0a8df7c\" data-id=\"0a8df7c\" data-element_type=\"column\" data-e-type=\"column\">\n\t\t\t<div class=\"elementor-widget-wrap elementor-element-populated\">\n\t\t\t\t\t\t<div class=\"elementor-element elementor-element-3c97065 elementor-widget elementor-widget-text-editor\" data-id=\"3c97065\" data-element_type=\"widget\" data-e-type=\"widget\" data-widget_type=\"text-editor.default\">\n\t\t\t\t<div class=\"elementor-widget-container\">\n\t\t\t\t\t\t\t\t\t<p>Los Beneficios de la Educaci\u00f3n Montessori en el<br \/>Aula de Nido (De 3 a 18 Meses)<\/p>\t\t\t\t\t\t\t\t<\/div>\n\t\t\t\t<\/div>\n\t\t\t\t<div class=\"elementor-element elementor-element-4343f6c elementor-widget elementor-widget-text-editor\" data-id=\"4343f6c\" data-element_type=\"widget\" data-e-type=\"widget\" data-widget_type=\"text-editor.default\">\n\t\t\t\t<div class=\"elementor-widget-container\">\n\t\t\t\t\t\t\t\t\t<p class=\" translation-block\">En Eagles Child Care Center (ECCC), nuestra Aula de Nido est\u00e1 cuidadosamente dise\u00f1ada para proporcionar a los beb\u00e9s un entorno de apoyo, estimulante y apropiado para su desarrollo, que sienta las bases para el aprendizaje a lo largo de la vida.<\/p><p>Basada en los principios Montessori, nuestra metodolog\u00eda apoya el desarrollo cognitivo, emocional y f\u00edsico de los ni\u00f1os de 3 a 18 meses, fomentando la independencia y el amor por el descubrimiento desde el principio.<\/p>\t\t\t\t\t\t\t\t<\/div>\n\t\t\t\t<\/div>\n\t\t\t\t\t<\/div>\n\t\t<\/div>\n\t\t\t\t\t<\/div>\n\t\t<\/section>\n\t\t\t\t<div class=\"elementor-element elementor-element-5ec7209 elementor-widget elementor-widget-heading\" data-id=\"5ec7209\" data-element_type=\"widget\" data-e-type=\"widget\" data-widget_type=\"heading.default\">\n\t\t\t\t<div class=\"elementor-widget-container\">\n\t\t\t\t\t<h2 class=\"elementor-heading-title elementor-size-default\">Un Espacio Dise\u00f1ado para el Desarrollo Infantil<\/h2>\t\t\t\t<\/div>\n\t\t\t\t<\/div>\n\t\t\t\t<div class=\"elementor-element elementor-element-ecd5357 elementor-widget elementor-widget-text-editor\" data-id=\"ecd5357\" data-element_type=\"widget\" data-e-type=\"widget\" data-widget_type=\"text-editor.default\">\n\t\t\t\t<div class=\"elementor-widget-container\">\n\t\t\t\t\t\t\t\t\t<p class=\" translation-block\">Nuestra Aula de Nido est\u00e1 dividida cuidadosamente para satisfacer las necesidades \u00fanicas de los beb\u00e9s en diferentes etapas de desarrollo. Consideramos su progresi\u00f3n de habilidades motoras y horarios de sue\u00f1o, asegur\u00e1ndonos de que crezcan en un espacio que respalde su crecimiento natural.<\/p><ul><li class=\" translation-block\"><strong>Beb\u00e9s (No m\u00f3viles)<\/strong>\u202f\u2013 Nuestros beb\u00e9s m\u00e1s peque\u00f1os se colocan en un entorno suave y de apoyo con superficies blandas y materiales apropiados para su edad que fomentan la exploraci\u00f3n sensorial y el movimiento temprano.<\/li><li class=\" translation-block\"><strong>Beb\u00e9s (M\u00f3viles)<\/strong>\u202f\u2013 A medida que los beb\u00e9s comienzan a gatear, ponerse de pie y dar sus primeros pasos, se les ofrecen m\u00e1s oportunidades para explorar, desarrollar coordinaci\u00f3n y refinar sus habilidades motoras gruesas en un espacio seguro y estructurado.<\/li><li class=\" translation-block\"><strong>\u00c1rea de Sue\u00f1o Dedicada<\/strong>\u202f\u2013 Para nuestros beb\u00e9s m\u00e1s peque\u00f1os, tenemos un \u00e1rea de descanso separada y tranquila, asegurando que descansen sin interrupciones y de acuerdo con sus horarios de sue\u00f1o individuales.<\/li><\/ul><p>En ECCC, no solo brindamos cuidado infantil, sino que nutrimos la pr\u00f3xima generaci\u00f3n con aprendices seguros, capaces y felices desde el principio.<\/p>\t\t\t\t\t\t\t\t<\/div>\n\t\t\t\t<\/div>\n\t\t\t\t\t<\/div>\n\t\t<\/div>\n\t\t\t\t\t<\/div>\n\t\t<\/section>\n\t\t\t\t<\/div>","protected":false},"excerpt":{"rendered":"<p>NEST Between 3 to 18 months Dr. Mar\u00eda Montessori &#8220;The child is both a hope and a promise for mankind.&#8221; The Benefits of Montessori Education in theNest Classroom (3 to 18 Months) At Eagles Child Care Center (ECCC), our\u202fNest Classroom\u202fis thoughtfully designed to provide infants with a\u202fnurturing, stimulating, and developmentally appropriate environment\u202fthat lays the foundation [&hellip;]<\/p>","protected":false},"author":1,"featured_media":0,"parent":0,"menu_order":0,"comment_status":"closed","ping_status":"closed","template":"","meta":{"site-sidebar-layout":"default","site-content-layout":"","ast-site-content-layout":"","site-content-style":"default","site-sidebar-style":"default","ast-global-header-display":"","ast-banner-title-visibility":"","ast-main-header-display":"","ast-hfb-above-header-display":"","ast-hfb-below-header-display":"","ast-hfb-mobile-header-display":"","site-post-title":"","ast-breadcrumbs-content":"","ast-featured-img":"","footer-sml-layout":"","theme-transparent-header-meta":"","adv-header-id-meta":"","stick-header-meta":"","header-above-stick-meta":"","header-main-stick-meta":"","header-below-stick-meta":"","astra-migrate-meta-layouts":"default","ast-page-background-enabled":"default","ast-page-background-meta":{"desktop":{"background-color":"var(--ast-global-color-4)","background-image":"","background-repeat":"repeat","background-position":"center center","background-size":"auto","background-attachment":"scroll","background-type":"","background-media":"","overlay-type":"","overlay-color":"","overlay-opacity":"","overlay-gradient":""},"tablet":{"background-color":"","background-image":"","background-repeat":"repeat","background-position":"center center","background-size":"auto","background-attachment":"scroll","background-type":"","background-media":"","overlay-type":"","overlay-color":"","overlay-opacity":"","overlay-gradient":""},"mobile":{"background-color":"","background-image":"","background-repeat":"repeat","background-position":"center center","background-size":"auto","background-attachment":"scroll","background-type":"","background-media":"","overlay-type":"","overlay-color":"","overlay-opacity":"","overlay-gradient":""}},"ast-content-background-meta":{"desktop":{"background-color":"var(--ast-global-color-5)","background-image":"","background-repeat":"repeat","background-position":"center center","background-size":"auto","background-attachment":"scroll","background-type":"","background-media":"","overlay-type":"","overlay-color":"","overlay-opacity":"","overlay-gradient":""},"tablet":{"background-color":"var(--ast-global-color-5)","background-image":"","background-repeat":"repeat","background-position":"center center","background-size":"auto","background-attachment":"scroll","background-type":"","background-media":"","overlay-type":"","overlay-color":"","overlay-opacity":"","overlay-gradient":""},"mobile":{"background-color":"var(--ast-global-color-5)","background-image":"","background-repeat":"repeat","background-position":"center center","background-size":"auto","background-attachment":"scroll","background-type":"","background-media":"","overlay-type":"","overlay-color":"","overlay-opacity":"","overlay-gradient":""}},"footnotes":""},"class_list":["post-2445","page","type-page","status-publish","hentry"],"_links":{"self":[{"href":"https:\/\/eagleschildcare.com\/es\/wp-json\/wp\/v2\/pages\/2445","targetHints":{"allow":["GET"]}}],"collection":[{"href":"https:\/\/eagleschildcare.com\/es\/wp-json\/wp\/v2\/pages"}],"about":[{"href":"https:\/\/eagleschildcare.com\/es\/wp-json\/wp\/v2\/types\/page"}],"author":[{"embeddable":true,"href":"https:\/\/eagleschildcare.com\/es\/wp-json\/wp\/v2\/users\/1"}],"replies":[{"embeddable":true,"href":"https:\/\/eagleschildcare.com\/es\/wp-json\/wp\/v2\/comments?post=2445"}],"version-history":[{"count":0,"href":"https:\/\/eagleschildcare.com\/es\/wp-json\/wp\/v2\/pages\/2445\/revisions"}],"wp:attachment":[{"href":"https:\/\/eagleschildcare.com\/es\/wp-json\/wp\/v2\/media?parent=2445"}],"curies":[{"name":"wp","href":"https:\/\/api.w.org\/{rel}","templated":true}]}}