{"id":2549,"date":"2024-10-10T15:41:07","date_gmt":"2024-10-10T15:41:07","guid":{"rendered":"https:\/\/eagleschildcare.com\/?page_id=2549"},"modified":"2025-06-06T10:08:15","modified_gmt":"2025-06-06T15:08:15","slug":"children-house","status":"publish","type":"page","link":"https:\/\/eagleschildcare.com\/es\/children-house\/","title":{"rendered":"Children&#8217;s House"},"content":{"rendered":"<div data-elementor-type=\"wp-page\" data-elementor-id=\"2549\" class=\"elementor elementor-2549\" data-elementor-post-type=\"page\">\n\t\t\t\t\t\t<section class=\"elementor-section elementor-top-section elementor-element elementor-element-6f6a341 elementor-section-boxed elementor-section-height-default elementor-section-height-default\" data-id=\"6f6a341\" data-element_type=\"section\" data-e-type=\"section\">\n\t\t\t\t\t\t<div class=\"elementor-container elementor-column-gap-default\">\n\t\t\t\t\t<div class=\"elementor-column elementor-col-100 elementor-top-column elementor-element elementor-element-3e853b0\" data-id=\"3e853b0\" data-element_type=\"column\" data-e-type=\"column\">\n\t\t\t<div class=\"elementor-widget-wrap elementor-element-populated\">\n\t\t\t\t\t\t<div class=\"elementor-element elementor-element-dee736d elementor-widget elementor-widget-heading\" data-id=\"dee736d\" data-element_type=\"widget\" data-e-type=\"widget\" data-widget_type=\"heading.default\">\n\t\t\t\t<div class=\"elementor-widget-container\">\n\t\t\t\t\t<h2 class=\"elementor-heading-title elementor-size-default\">CASA DE NI\u00d1OS<\/h2>\t\t\t\t<\/div>\n\t\t\t\t<\/div>\n\t\t\t\t<div class=\"elementor-element elementor-element-dcf302f elementor-widget elementor-widget-text-editor\" data-id=\"dcf302f\" data-element_type=\"widget\" data-e-type=\"widget\" data-widget_type=\"text-editor.default\">\n\t\t\t\t<div class=\"elementor-widget-container\">\n\t\t\t\t\t\t\t\t\t<p>De 3 a 5 a\u00f1os<\/p>\t\t\t\t\t\t\t\t<\/div>\n\t\t\t\t<\/div>\n\t\t\t\t\t<\/div>\n\t\t<\/div>\n\t\t\t\t\t<\/div>\n\t\t<\/section>\n\t\t\t\t<section class=\"elementor-section elementor-top-section elementor-element elementor-element-5f61592 elementor-section-height-min-height elementor-section-boxed elementor-section-height-default elementor-section-items-middle\" data-id=\"5f61592\" data-element_type=\"section\" data-e-type=\"section\" data-settings=\"{&quot;background_background&quot;:&quot;classic&quot;,&quot;background_motion_fx_motion_fx_scrolling&quot;:&quot;yes&quot;,&quot;background_motion_fx_translateY_effect&quot;:&quot;yes&quot;,&quot;background_motion_fx_translateY_affectedRange&quot;:{&quot;unit&quot;:&quot;%&quot;,&quot;size&quot;:&quot;&quot;,&quot;sizes&quot;:{&quot;start&quot;:49,&quot;end&quot;:100}},&quot;background_motion_fx_scale_effect&quot;:&quot;yes&quot;,&quot;background_motion_fx_translateY_speed&quot;:{&quot;unit&quot;:&quot;px&quot;,&quot;size&quot;:4,&quot;sizes&quot;:[]},&quot;background_motion_fx_scale_direction&quot;:&quot;out-in&quot;,&quot;background_motion_fx_scale_speed&quot;:{&quot;unit&quot;:&quot;px&quot;,&quot;size&quot;:4,&quot;sizes&quot;:[]},&quot;background_motion_fx_scale_range&quot;:{&quot;unit&quot;:&quot;%&quot;,&quot;size&quot;:&quot;&quot;,&quot;sizes&quot;:{&quot;start&quot;:20,&quot;end&quot;:80}},&quot;background_motion_fx_devices&quot;:[&quot;desktop&quot;,&quot;tablet&quot;,&quot;mobile&quot;]}\">\n\t\t\t\t\t\t\t<div class=\"elementor-background-overlay\"><\/div>\n\t\t\t\t\t\t\t<div class=\"elementor-container elementor-column-gap-default\">\n\t\t\t\t\t<div class=\"elementor-column elementor-col-100 elementor-top-column elementor-element elementor-element-37ca87a\" data-id=\"37ca87a\" data-element_type=\"column\" data-e-type=\"column\">\n\t\t\t<div class=\"elementor-widget-wrap\">\n\t\t\t\t\t\t\t<\/div>\n\t\t<\/div>\n\t\t\t\t\t<\/div>\n\t\t<\/section>\n\t\t\t\t<section class=\"elementor-section elementor-top-section elementor-element elementor-element-450dbfb4 elementor-section-boxed elementor-section-height-default elementor-section-height-default\" data-id=\"450dbfb4\" data-element_type=\"section\" data-e-type=\"section\" data-settings=\"{&quot;background_background&quot;:&quot;classic&quot;}\">\n\t\t\t\t\t\t<div class=\"elementor-container elementor-column-gap-default\">\n\t\t\t\t\t<div class=\"elementor-column elementor-col-100 elementor-top-column elementor-element elementor-element-784f15ab\" data-id=\"784f15ab\" data-element_type=\"column\" data-e-type=\"column\">\n\t\t\t<div class=\"elementor-widget-wrap elementor-element-populated\">\n\t\t\t\t\t\t<div class=\"elementor-element elementor-element-6561ee4e elementor-widget elementor-widget-heading\" data-id=\"6561ee4e\" data-element_type=\"widget\" data-e-type=\"widget\" data-widget_type=\"heading.default\">\n\t\t\t\t<div class=\"elementor-widget-container\">\n\t\t\t\t\t<h4 class=\"elementor-heading-title elementor-size-default\">Dr. Mar\u00eda Montessori<\/h4>\t\t\t\t<\/div>\n\t\t\t\t<\/div>\n\t\t\t\t<div class=\"elementor-element elementor-element-569bde6e elementor-widget elementor-widget-heading\" data-id=\"569bde6e\" data-element_type=\"widget\" data-e-type=\"widget\" data-widget_type=\"heading.default\">\n\t\t\t\t<div class=\"elementor-widget-container\">\n\t\t\t\t\t<h4 class=\"elementor-heading-title elementor-size-default\">\"Es necesario que el ni\u00f1o se ense\u00f1e a s\u00ed mismo, y entonces el \u00e9xito ser\u00e1 grande\".<\/h4>\t\t\t\t<\/div>\n\t\t\t\t<\/div>\n\t\t\t\t\t<\/div>\n\t\t<\/div>\n\t\t\t\t\t<\/div>\n\t\t<\/section>\n\t\t\t\t<section class=\"elementor-section elementor-top-section elementor-element elementor-element-8b6306a elementor-section-boxed elementor-section-height-default elementor-section-height-default\" data-id=\"8b6306a\" data-element_type=\"section\" data-e-type=\"section\">\n\t\t\t\t\t\t<div class=\"elementor-container elementor-column-gap-default\">\n\t\t\t\t\t<div class=\"elementor-column elementor-col-100 elementor-top-column elementor-element elementor-element-7d6fc39\" data-id=\"7d6fc39\" data-element_type=\"column\" data-e-type=\"column\">\n\t\t\t<div class=\"elementor-widget-wrap elementor-element-populated\">\n\t\t\t\t\t\t<section class=\"elementor-section elementor-inner-section elementor-element elementor-element-3c4f045 elementor-section-boxed elementor-section-height-default elementor-section-height-default\" data-id=\"3c4f045\" data-element_type=\"section\" data-e-type=\"section\">\n\t\t\t\t\t\t<div class=\"elementor-container elementor-column-gap-default\">\n\t\t\t\t\t<div class=\"elementor-column elementor-col-50 elementor-inner-column elementor-element elementor-element-4c39ffd\" data-id=\"4c39ffd\" data-element_type=\"column\" data-e-type=\"column\">\n\t\t\t<div class=\"elementor-widget-wrap elementor-element-populated\">\n\t\t\t\t\t\t<div class=\"elementor-element elementor-element-17ec563 elementor-widget elementor-widget-image\" data-id=\"17ec563\" data-element_type=\"widget\" data-e-type=\"widget\" data-widget_type=\"image.default\">\n\t\t\t\t<div class=\"elementor-widget-container\">\n\t\t\t\t\t\t\t\t\t\t\t\t\t\t\t<img fetchpriority=\"high\" decoding=\"async\" width=\"640\" height=\"520\" src=\"https:\/\/eagleschildcare.com\/wp-content\/uploads\/2025\/06\/IMG_0369-640x520.jpg\" class=\"attachment-deport-thumb size-deport-thumb wp-image-4508\" alt=\"\" \/>\t\t\t\t\t\t\t\t\t\t\t\t\t\t\t<\/div>\n\t\t\t\t<\/div>\n\t\t\t\t\t<\/div>\n\t\t<\/div>\n\t\t\t\t<div class=\"elementor-column elementor-col-50 elementor-inner-column elementor-element elementor-element-0a8df7c\" data-id=\"0a8df7c\" data-element_type=\"column\" data-e-type=\"column\">\n\t\t\t<div class=\"elementor-widget-wrap elementor-element-populated\">\n\t\t\t\t\t\t<div class=\"elementor-element elementor-element-af00d26 elementor-widget elementor-widget-text-editor\" data-id=\"af00d26\" data-element_type=\"widget\" data-e-type=\"widget\" data-widget_type=\"text-editor.default\">\n\t\t\t\t<div class=\"elementor-widget-container\">\n\t\t\t\t\t\t\t\t\t<p>Beneficios de la Educaci\u00f3n Montessori<br \/>para Estudiantes Pre-K (De 3 a 5 a\u00f1os)<\/p>\t\t\t\t\t\t\t\t<\/div>\n\t\t\t\t<\/div>\n\t\t\t\t<div class=\"elementor-element elementor-element-4343f6c elementor-widget elementor-widget-text-editor\" data-id=\"4343f6c\" data-element_type=\"widget\" data-e-type=\"widget\" data-widget_type=\"text-editor.default\">\n\t\t\t\t<div class=\"elementor-widget-container\">\n\t\t\t\t\t\t\t\t\t<p>En Eagles Child Care Center (ECCC), nuestro enfoque Montessori, combinado con nuestro Programa de Inmersi\u00f3n en Espa\u00f1ol, proporciona una base s\u00f3lida y completa para los estudiantes Pre-K (de 3 a 5 a\u00f1os), enfoc\u00e1ndose en el desarrollo social-emocional, intelectual y f\u00edsico.<\/p>\t\t\t\t\t\t\t\t<\/div>\n\t\t\t\t<\/div>\n\t\t\t\t\t<\/div>\n\t\t<\/div>\n\t\t\t\t\t<\/div>\n\t\t<\/section>\n\t\t\t\t<div class=\"elementor-element elementor-element-ecd5357 elementor-widget elementor-widget-text-editor\" data-id=\"ecd5357\" data-element_type=\"widget\" data-e-type=\"widget\" data-widget_type=\"text-editor.default\">\n\t\t\t\t<div class=\"elementor-widget-container\">\n\t\t\t\t\t\t\t\t\t<strong>Beneficios clave:<\/strong>\n<ul>\n \t<li><strong>Social-Emotional Growth:<\/strong> Los ni\u00f1os desarrollan confianza, independencia y colaboraci\u00f3n a trav\u00e9s de experiencias pr\u00e1cticas y de apoyo en un entorno diverso y de edades mixtas. Estas interacciones fomentan la resiliencia y la inteligencia emocional, esenciales para las relaciones futuras y la autorregulaci\u00f3n.<\/li>\n \t<li><strong>Intellectual Development:<\/strong> Nuestro curr\u00edculo fomenta el pensamiento cr\u00edtico y la adquisici\u00f3n del lenguaje en ingl\u00e9s y espa\u00f1ol. A trav\u00e9s de la exploraci\u00f3n y el aprendizaje pr\u00e1ctico, los ni\u00f1os desarrollan habilidades cognitivas fuertes, sentando las bases para el \u00e9xito acad\u00e9mico y el aprendizaje de por vida. El entorno Montessori estimula el desarrollo cerebral al involucrar a los ni\u00f1os en tareas autodirigidas y significativas que fortalecen las conexiones neuronales.<\/li>\n \t<li><strong>Physical Development:<\/strong> Las actividades Montessori mejoran las habilidades motoras finas y gruesas, promoviendo la coordinaci\u00f3n, la fuerza y la destreza. Estos hitos f\u00edsicos est\u00e1n estrechamente vinculados al crecimiento cognitivo y contribuyen al \u00e9xito general de los ni\u00f1os tanto en la escuela como en la vida.<\/li>\n<\/ul>\n<strong>Beneficios adicionales:<\/strong>\n<ul>\n \t<li class=\" translation-block\"><strong>Creatividad e Imaginaci\u00f3n:<\/strong>\u202fFomentar el juego imaginativo ayuda a los ni\u00f1os a pensar de manera creativa y expresarse libremente.<\/li>\n \t<li class=\" translation-block\"><strong>Curiosidad y Resoluci\u00f3n de Problemas:<\/strong>\u202fNutrimos la curiosidad natural de los ni\u00f1os, anim\u00e1ndolos a pensar cr\u00edticamente y a resolver problemas de forma independiente.<\/li>\n \t<li class=\" translation-block\"><strong>Amor por el Aprendizaje:<\/strong>\u202fNuestro enfoque centrado en el ni\u00f1o fomenta un amor de por vida por el aprendizaje, empoderando a los ni\u00f1os a explorar a su propio ritmo.<\/li>\n<\/ul>\nA trav\u00e9s de actividades de Vida Pr\u00e1ctica, los ni\u00f1os desarrollan habilidades esenciales para la vida, mientras que el entorno inmersivo en espa\u00f1ol promueve la competencia biling\u00fce, el conocimiento cultural y las habilidades de comunicaci\u00f3n. En ECCC, preparamos a los ni\u00f1os para el \u00e9xito en la escuela y m\u00e1s all\u00e1 con un enfoque educativo integral y global.\t\t\t\t\t\t\t\t<\/div>\n\t\t\t\t<\/div>\n\t\t\t\t\t<\/div>\n\t\t<\/div>\n\t\t\t\t\t<\/div>\n\t\t<\/section>\n\t\t\t\t<\/div>","protected":false},"excerpt":{"rendered":"<p>Children&#8217;s House 3 to 5 Years Old Dr. Mar\u00eda Montessori &#8220;It is necessary that the child teach himself, and then the success is great.&#8221; The Benefits of Montessori Educationfor Pre-K Students (Ages 3 to 5) At\u202fEagles Child Care Center (ECCC), our Montessori approach \u2014 combined with our\u202fSpanish Immersion Program \u2014 provides a rich, well-rounded foundation [&hellip;]<\/p>","protected":false},"author":1,"featured_media":0,"parent":0,"menu_order":0,"comment_status":"closed","ping_status":"closed","template":"","meta":{"site-sidebar-layout":"default","site-content-layout":"","ast-site-content-layout":"","site-content-style":"default","site-sidebar-style":"default","ast-global-header-display":"","ast-banner-title-visibility":"","ast-main-header-display":"","ast-hfb-above-header-display":"","ast-hfb-below-header-display":"","ast-hfb-mobile-header-display":"","site-post-title":"","ast-breadcrumbs-content":"","ast-featured-img":"","footer-sml-layout":"","theme-transparent-header-meta":"","adv-header-id-meta":"","stick-header-meta":"","header-above-stick-meta":"","header-main-stick-meta":"","header-below-stick-meta":"","astra-migrate-meta-layouts":"default","ast-page-background-enabled":"default","ast-page-background-meta":{"desktop":{"background-color":"var(--ast-global-color-4)","background-image":"","background-repeat":"repeat","background-position":"center center","background-size":"auto","background-attachment":"scroll","background-type":"","background-media":"","overlay-type":"","overlay-color":"","overlay-opacity":"","overlay-gradient":""},"tablet":{"background-color":"","background-image":"","background-repeat":"repeat","background-position":"center center","background-size":"auto","background-attachment":"scroll","background-type":"","background-media":"","overlay-type":"","overlay-color":"","overlay-opacity":"","overlay-gradient":""},"mobile":{"background-color":"","background-image":"","background-repeat":"repeat","background-position":"center center","background-size":"auto","background-attachment":"scroll","background-type":"","background-media":"","overlay-type":"","overlay-color":"","overlay-opacity":"","overlay-gradient":""}},"ast-content-background-meta":{"desktop":{"background-color":"var(--ast-global-color-5)","background-image":"","background-repeat":"repeat","background-position":"center center","background-size":"auto","background-attachment":"scroll","background-type":"","background-media":"","overlay-type":"","overlay-color":"","overlay-opacity":"","overlay-gradient":""},"tablet":{"background-color":"var(--ast-global-color-5)","background-image":"","background-repeat":"repeat","background-position":"center center","background-size":"auto","background-attachment":"scroll","background-type":"","background-media":"","overlay-type":"","overlay-color":"","overlay-opacity":"","overlay-gradient":""},"mobile":{"background-color":"var(--ast-global-color-5)","background-image":"","background-repeat":"repeat","background-position":"center center","background-size":"auto","background-attachment":"scroll","background-type":"","background-media":"","overlay-type":"","overlay-color":"","overlay-opacity":"","overlay-gradient":""}},"footnotes":""},"class_list":["post-2549","page","type-page","status-publish","hentry"],"_links":{"self":[{"href":"https:\/\/eagleschildcare.com\/es\/wp-json\/wp\/v2\/pages\/2549","targetHints":{"allow":["GET"]}}],"collection":[{"href":"https:\/\/eagleschildcare.com\/es\/wp-json\/wp\/v2\/pages"}],"about":[{"href":"https:\/\/eagleschildcare.com\/es\/wp-json\/wp\/v2\/types\/page"}],"author":[{"embeddable":true,"href":"https:\/\/eagleschildcare.com\/es\/wp-json\/wp\/v2\/users\/1"}],"replies":[{"embeddable":true,"href":"https:\/\/eagleschildcare.com\/es\/wp-json\/wp\/v2\/comments?post=2549"}],"version-history":[{"count":0,"href":"https:\/\/eagleschildcare.com\/es\/wp-json\/wp\/v2\/pages\/2549\/revisions"}],"wp:attachment":[{"href":"https:\/\/eagleschildcare.com\/es\/wp-json\/wp\/v2\/media?parent=2549"}],"curies":[{"name":"wp","href":"https:\/\/api.w.org\/{rel}","templated":true}]}}