{"id":3147,"date":"2025-02-12T15:48:14","date_gmt":"2025-02-12T15:48:14","guid":{"rendered":"https:\/\/eagleschildcare.com\/?page_id=3147"},"modified":"2025-06-06T10:09:55","modified_gmt":"2025-06-06T15:09:55","slug":"flagship-programs","status":"publish","type":"page","link":"https:\/\/eagleschildcare.com\/es\/flagship-programs\/","title":{"rendered":"Programas Insignia"},"content":{"rendered":"<div data-elementor-type=\"wp-page\" data-elementor-id=\"3147\" class=\"elementor elementor-3147\" data-elementor-post-type=\"page\">\n\t\t\t\t\t\t<section class=\"elementor-section elementor-top-section elementor-element elementor-element-6f6a341 elementor-section-boxed elementor-section-height-default elementor-section-height-default\" data-id=\"6f6a341\" data-element_type=\"section\" data-e-type=\"section\">\n\t\t\t\t\t\t<div class=\"elementor-container elementor-column-gap-default\">\n\t\t\t\t\t<div class=\"elementor-column elementor-col-100 elementor-top-column elementor-element elementor-element-3e853b0\" data-id=\"3e853b0\" data-element_type=\"column\" data-e-type=\"column\">\n\t\t\t<div class=\"elementor-widget-wrap elementor-element-populated\">\n\t\t\t\t\t\t<div class=\"elementor-element elementor-element-dee736d elementor-widget elementor-widget-heading\" data-id=\"dee736d\" data-element_type=\"widget\" data-e-type=\"widget\" data-widget_type=\"heading.default\">\n\t\t\t\t<div class=\"elementor-widget-container\">\n\t\t\t\t\t<h2 class=\"elementor-heading-title elementor-size-default\">Programas Insignia<\/h2>\t\t\t\t<\/div>\n\t\t\t\t<\/div>\n\t\t\t\t\t<\/div>\n\t\t<\/div>\n\t\t\t\t\t<\/div>\n\t\t<\/section>\n\t\t\t\t<section class=\"elementor-section elementor-top-section elementor-element elementor-element-5f61592 elementor-section-height-min-height elementor-section-boxed elementor-section-height-default elementor-section-items-middle\" data-id=\"5f61592\" data-element_type=\"section\" data-e-type=\"section\" data-settings=\"{&quot;background_background&quot;:&quot;classic&quot;,&quot;background_motion_fx_motion_fx_scrolling&quot;:&quot;yes&quot;,&quot;background_motion_fx_translateY_effect&quot;:&quot;yes&quot;,&quot;background_motion_fx_translateY_affectedRange&quot;:{&quot;unit&quot;:&quot;%&quot;,&quot;size&quot;:&quot;&quot;,&quot;sizes&quot;:{&quot;start&quot;:49,&quot;end&quot;:100}},&quot;background_motion_fx_scale_effect&quot;:&quot;yes&quot;,&quot;background_motion_fx_translateY_speed&quot;:{&quot;unit&quot;:&quot;px&quot;,&quot;size&quot;:4,&quot;sizes&quot;:[]},&quot;background_motion_fx_scale_direction&quot;:&quot;out-in&quot;,&quot;background_motion_fx_scale_speed&quot;:{&quot;unit&quot;:&quot;px&quot;,&quot;size&quot;:4,&quot;sizes&quot;:[]},&quot;background_motion_fx_scale_range&quot;:{&quot;unit&quot;:&quot;%&quot;,&quot;size&quot;:&quot;&quot;,&quot;sizes&quot;:{&quot;start&quot;:20,&quot;end&quot;:80}},&quot;background_motion_fx_devices&quot;:[&quot;desktop&quot;,&quot;tablet&quot;,&quot;mobile&quot;]}\">\n\t\t\t\t\t\t\t<div class=\"elementor-background-overlay\"><\/div>\n\t\t\t\t\t\t\t<div class=\"elementor-container elementor-column-gap-default\">\n\t\t\t\t\t<div class=\"elementor-column elementor-col-100 elementor-top-column elementor-element elementor-element-37ca87a\" data-id=\"37ca87a\" data-element_type=\"column\" data-e-type=\"column\">\n\t\t\t<div class=\"elementor-widget-wrap\">\n\t\t\t\t\t\t\t<\/div>\n\t\t<\/div>\n\t\t\t\t\t<\/div>\n\t\t<\/section>\n\t\t\t\t<section class=\"elementor-section elementor-top-section elementor-element elementor-element-450dbfb4 elementor-section-boxed elementor-section-height-default elementor-section-height-default\" data-id=\"450dbfb4\" data-element_type=\"section\" data-e-type=\"section\" data-settings=\"{&quot;background_background&quot;:&quot;classic&quot;}\">\n\t\t\t\t\t\t<div class=\"elementor-container elementor-column-gap-default\">\n\t\t\t\t\t<div class=\"elementor-column elementor-col-100 elementor-top-column elementor-element elementor-element-784f15ab\" data-id=\"784f15ab\" data-element_type=\"column\" data-e-type=\"column\">\n\t\t\t<div class=\"elementor-widget-wrap elementor-element-populated\">\n\t\t\t\t\t\t<div class=\"elementor-element elementor-element-6561ee4e elementor-widget elementor-widget-heading\" data-id=\"6561ee4e\" data-element_type=\"widget\" data-e-type=\"widget\" data-widget_type=\"heading.default\">\n\t\t\t\t<div class=\"elementor-widget-container\">\n\t\t\t\t\t<h4 class=\"elementor-heading-title elementor-size-default\">Dr. Mar\u00eda Montessori<\/h4>\t\t\t\t<\/div>\n\t\t\t\t<\/div>\n\t\t\t\t<div class=\"elementor-element elementor-element-569bde6e elementor-widget elementor-widget-heading\" data-id=\"569bde6e\" data-element_type=\"widget\" data-e-type=\"widget\" data-widget_type=\"heading.default\">\n\t\t\t\t<div class=\"elementor-widget-container\">\n\t\t\t\t\t<h4 class=\"elementor-heading-title elementor-size-default\">\u201cLos ni\u00f1os adquieren conocimiento a trav\u00e9s de la experiencia en el entorno\u201d.<\/h4>\t\t\t\t<\/div>\n\t\t\t\t<\/div>\n\t\t\t\t\t<\/div>\n\t\t<\/div>\n\t\t\t\t\t<\/div>\n\t\t<\/section>\n\t\t\t\t<section class=\"elementor-section elementor-top-section elementor-element elementor-element-8b6306a elementor-section-boxed elementor-section-height-default elementor-section-height-default\" data-id=\"8b6306a\" data-element_type=\"section\" data-e-type=\"section\">\n\t\t\t\t\t\t<div class=\"elementor-container elementor-column-gap-default\">\n\t\t\t\t\t<div class=\"elementor-column elementor-col-100 elementor-top-column elementor-element elementor-element-7d6fc39\" data-id=\"7d6fc39\" data-element_type=\"column\" data-e-type=\"column\">\n\t\t\t<div class=\"elementor-widget-wrap elementor-element-populated\">\n\t\t\t\t\t\t<section class=\"elementor-section elementor-inner-section elementor-element elementor-element-3c4f045 elementor-section-boxed elementor-section-height-default elementor-section-height-default\" data-id=\"3c4f045\" data-element_type=\"section\" data-e-type=\"section\">\n\t\t\t\t\t\t<div class=\"elementor-container elementor-column-gap-default\">\n\t\t\t\t\t<div class=\"elementor-column elementor-col-50 elementor-inner-column elementor-element elementor-element-0a8df7c\" data-id=\"0a8df7c\" data-element_type=\"column\" data-e-type=\"column\">\n\t\t\t<div class=\"elementor-widget-wrap elementor-element-populated\">\n\t\t\t\t\t\t<div class=\"elementor-element elementor-element-4343f6c elementor-widget elementor-widget-text-editor\" data-id=\"4343f6c\" data-element_type=\"widget\" data-e-type=\"widget\" data-widget_type=\"text-editor.default\">\n\t\t\t\t<div class=\"elementor-widget-container\">\n\t\t\t\t\t\t\t\t\t<p>1.\u00a0 <strong>Programa \"Brilliant Entrepreneurs\" (Emprendedores Brillantes):<\/strong><\/p><p style=\"padding-left: 20px;\">\u25cb\u00a0 Creaci\u00f3n pr\u00e1ctica de productos vinculados a los intereses de los ni\u00f1os<br \/>\u25cb\u00a0 Eventos de mini mercado donde los ni\u00f1os experimentan la venta e intercambio<br \/>\u25cb\u00a0 Iniciativa de donaci\u00f3n para ense\u00f1ar emprendimiento con prop\u00f3sito.<br \/>\u25cb\u00a0 Talleres de participaci\u00f3n de los padres para reforzar valores en casa.<\/p><p style=\"padding-left: 25px;\"><strong>\u00a0\u00a0\u00a0\u00a0\u00a0 Beneficios<\/strong><\/p>\t\t\t\t\t\t\t\t<\/div>\n\t\t\t\t<\/div>\n\t\t\t\t\t<\/div>\n\t\t<\/div>\n\t\t\t\t<div class=\"elementor-column elementor-col-50 elementor-inner-column elementor-element elementor-element-4c39ffd\" data-id=\"4c39ffd\" data-element_type=\"column\" data-e-type=\"column\">\n\t\t\t<div class=\"elementor-widget-wrap elementor-element-populated\">\n\t\t\t\t\t\t<div class=\"elementor-element elementor-element-17ec563 elementor-widget elementor-widget-image\" data-id=\"17ec563\" data-element_type=\"widget\" data-e-type=\"widget\" data-widget_type=\"image.default\">\n\t\t\t\t<div class=\"elementor-widget-container\">\n\t\t\t\t\t\t\t\t\t\t\t\t\t\t\t<img decoding=\"async\" src=\"https:\/\/eagleschildcare.com\/wp-content\/uploads\/elementor\/thumbs\/IMG_2935-scaled-r6wy0l5u68u6il6hlu5hx6yc9takgi5al1evhm691g.jpg\" title=\"IMG_2935\" alt=\"IMG_2935\" loading=\"lazy\" \/>\t\t\t\t\t\t\t\t\t\t\t\t\t\t\t<\/div>\n\t\t\t\t<\/div>\n\t\t\t\t\t<\/div>\n\t\t<\/div>\n\t\t\t\t\t<\/div>\n\t\t<\/section>\n\t\t\t\t<div class=\"elementor-element elementor-element-4f41bcd elementor-widget elementor-widget-text-editor\" data-id=\"4f41bcd\" data-element_type=\"widget\" data-e-type=\"widget\" data-widget_type=\"text-editor.default\">\n\t\t\t\t<div class=\"elementor-widget-container\">\n\t\t\t\t\t\t\t\t\t<ul>\n \t<li style=\"list-style-type: none;\">\n<ul>\n \t<li class=\" translation-block\"><strong>Mentalidad emprendedora: <\/strong>Fomenta la creatividad, innovaci\u00f3n y resoluci\u00f3n de problemas.<\/li>\n \t<li class=\" translation-block\"><strong>Habilidades sociales:<\/strong> Ense\u00f1a colaboraci\u00f3n, comunicaci\u00f3n e importancia del trabajo en equipo.<\/li>\n \t<li class=\" translation-block\"><strong>Educaci\u00f3n financiera:<\/strong> Introduce conceptos b\u00e1sicos sobre gesti\u00f3n del dinero y presupuestos.<\/li>\n \t<li class=\" translation-block\"><strong>Sentido de prop\u00f3sito:<\/strong> Ayuda a los ni\u00f1os a comprender el impacto de sus acciones a trav\u00e9s de una donaci\u00f3n generosa y caritativa.<\/li>\n<\/ul>\n<\/li>\n<\/ul>\t\t\t\t\t\t\t\t<\/div>\n\t\t\t\t<\/div>\n\t\t\t\t<div class=\"elementor-element elementor-element-ecd5357 elementor-widget elementor-widget-text-editor\" data-id=\"ecd5357\" data-element_type=\"widget\" data-e-type=\"widget\" data-widget_type=\"text-editor.default\">\n\t\t\t\t<div class=\"elementor-widget-container\">\n\t\t\t\t\t\t\t\t\t<p>2. <strong>Programa \"Composting and Recycling\" (Compostaje y Reciclaje):<\/strong><\/p><p style=\"padding-left: 20px;\">\u25cb\u00a0 Introduce a los ni\u00f1os de 3 a 5 a\u00f1os en los conceptos de reciclaje a trav\u00e9s de actividades pr\u00e1cticas apropiadas para su edad.<br \/>\u25cb\u00a0 Actividades para clasificar desechos en contenedores compostables y no compostables, y observar el proceso de descomposici\u00f3n.<br \/>\u25cb\u00a0 Utiliza herramientas interactivas como libros, canciones y manualidades para reforzar el aprendizaje.<\/p><p style=\"padding-left: 40px;\"><strong>\u00a0\u00a0\u00a0\u00a0 Beneficios<\/strong><\/p><ul><li style=\"list-style-type: none;\"><ul><li class=\" translation-block\"><strong>Conciencia ambiental:<\/strong><span data-contrast=\"none\"><strong>\u202f<\/strong> Fomenta una comprensi\u00f3n temprana de la  sostenibilidad y las pr\u00e1cticas ecol\u00f3gicas. <\/span><\/li><li class=\" translation-block\"><span data-contrast=\"none\"><strong>Resoluci\u00f3n de problemas:<\/strong> Los ni\u00f1os desarrollan pensamiento cr\u00edtico al tomar decisiones sobre la gesti\u00f3n de residuos.<\/span><\/li><li class=\" translation-block\"><span data-contrast=\"none\"><strong>Responsabilidad:<\/strong> Ense\u00f1a a los ni\u00f1os la importancia de cuidar el planeta.<\/span><\/li><li class=\" translation-block\"><span data-contrast=\"none\"><strong>Colaboraci\u00f3n:<\/strong> Promueve el trabajo en equipo mientras los ni\u00f1os colaboran para clasificar y gestionar residuos.<\/span><\/li><\/ul><\/li><\/ul>\t\t\t\t\t\t\t\t<\/div>\n\t\t\t\t<\/div>\n\t\t\t\t<div class=\"elementor-element elementor-element-4f626fc elementor-widget elementor-widget-text-editor\" data-id=\"4f626fc\" data-element_type=\"widget\" data-e-type=\"widget\" data-widget_type=\"text-editor.default\">\n\t\t\t\t<div class=\"elementor-widget-container\">\n\t\t\t\t\t\t\t\t\t<p>3. <strong>Programa Little Kitchen Academy (Peque\u00f1a Academia de Cocina):<\/strong><\/p><p style=\"padding-left: 20px;\">\u25cb\u00a0 Escuela de cocina inspirada en Montessori, enfocada en habilidades esenciales para ni\u00f1os de 2 a 5 a\u00f1os.<br \/>\u25cb\u00a0 Fomenta la independencia, creatividad y confianza en un entorno inspirado en Montessori.<br \/>\u25cb\u00a0 A trav\u00e9s de experiencias pr\u00e1cticas de cocina, los ni\u00f1os desarrollan valiosas habilidades de vida y adquieren una comprensi\u00f3n m\u00e1s profunda de las matem\u00e1ticas, el lenguaje y las materias principales.<\/p><p style=\"padding-left: 40px;\"><strong>\u00a0\u00a0\u00a0\u00a0 Beneficios<\/strong><\/p><ul><li style=\"list-style-type: none;\"><ul><li class=\" translation-block\"><strong>Habilidades de vida pr\u00e1ctica:<\/strong>\u202fLos ni\u00f1os aprenden t\u00e9cnicas b\u00e1sicas de cocina, fomentando la independencia y la autosuficiencia.<\/li><li class=\" translation-block\"><strong>Matem\u00e1ticas y lenguaje:\u202f<\/strong>Mejora la comprensi\u00f3n de la medici\u00f3n, secuenciaci\u00f3n y vocabulario mediante aplicaciones del mundo real.<\/li><li class=\" translation-block\"><strong>Desarrollo motor fino:<\/strong>\u202fLos ni\u00f1os perfeccionan sus habilidades motoras finas al revolver, verter y cortar.<\/li><li class=\" translation-block\"><strong>Creatividad y confianza:\u202f<\/strong>Anima a los ni\u00f1os a usar su imaginaci\u00f3n y refuerza su autoestima mediante tareas exitosas de cocina.<\/li><\/ul><\/li><\/ul>\t\t\t\t\t\t\t\t<\/div>\n\t\t\t\t<\/div>\n\t\t\t\t<div class=\"elementor-element elementor-element-5f09144 elementor-widget elementor-widget-text-editor\" data-id=\"5f09144\" data-element_type=\"widget\" data-e-type=\"widget\" data-widget_type=\"text-editor.default\">\n\t\t\t\t<div class=\"elementor-widget-container\">\n\t\t\t\t\t\t\t\t\t<p>4. <strong>Programa de Inmersi\u00f3n en Espa\u00f1ol:<\/strong><\/p><p style=\"padding-left: 20px;\">\u25cb\u00a0 Una experiencia de aprendizaje biling\u00fce que mejora el desarrollo cognitivo, la conciencia cultural y las habilidades de comunicaci\u00f3n.<br \/>\u25cb\u00a0 Actividades centradas en Montessori y juego que ayudan a los ni\u00f1os a adquirir espa\u00f1ol de forma natural en un entorno estimulante.<\/p><p style=\"padding-left: 40px;\"><strong>\u00a0\u00a0\u00a0\u00a0 Beneficios<\/strong><\/p><ul><li style=\"list-style-type: none;\"><ul><li style=\"list-style-type: none;\"><ul><li class=\" translation-block\"><strong>Crecimiento cognitivo:\u202f<\/strong>Aprender un segundo idioma mejora las habilidades de resoluci\u00f3n de problemas, memoria y pensamiento cr\u00edtico.<\/li><li class=\" translation-block\"><strong>Ventaja acad\u00e9mica:<\/strong>Los ni\u00f1os biling\u00fces sobresalen en lectura, escritura y matem\u00e1ticas, mostrando un mejor rendimiento en ex\u00e1menes estandarizados.<\/li><li class=\" translation-block\"><strong>Desarrollo socioemocional:<\/strong>\u202fFomenta la empat\u00eda, adaptabilidad y confianza en diversos entornos.<\/li><li class=\" translation-block\"><strong>Mejores habilidades de comunicaci\u00f3n:<\/strong>\u202fDesarrolla habilidades avanzadas de escucha y habla, mejorando la inteligencia ling\u00fc\u00edstica.<\/li><li class=\" translation-block\"><strong>Futuras oportunidades:<\/strong>\u202fEl biling\u00fcismo abre puertas a mayores oportunidades educativas y profesionales.<\/li><li class=\" translation-block\"><strong>Conciencia cultural:\u202f<\/strong>Fomenta la inclusi\u00f3n y la ciudadan\u00eda global a trav\u00e9s de la inmersi\u00f3n ling\u00fc\u00edstica.<\/li><\/ul><\/li><\/ul><\/li><\/ul>\t\t\t\t\t\t\t\t<\/div>\n\t\t\t\t<\/div>\n\t\t\t\t<div class=\"elementor-element elementor-element-80d37b3 elementor-widget elementor-widget-text-editor\" data-id=\"80d37b3\" data-element_type=\"widget\" data-e-type=\"widget\" data-widget_type=\"text-editor.default\">\n\t\t\t\t<div class=\"elementor-widget-container\">\n\t\t\t\t\t\t\t\t\t<p>5. <strong>Programa \"STEMlings: Building Minds in Two Languages\" (STEMlings: Construyendo Mentes en dos Idiomas):<\/strong><\/p><p style=\"padding-left: 20px;\">\u25cb\u00a0 Integra actividades pr\u00e1cticas de STEM, exposici\u00f3n biling\u00fce y lenguaje de se\u00f1as para fomentar tanto el desarrollo cognitivo como social.<br \/>\u25cb\u00a0 Involucra a los ni\u00f1os en la resoluci\u00f3n de problemas, pensamiento cr\u00edtico y exploraci\u00f3n creativa a trav\u00e9s de ciencia, tecnolog\u00eda, ingenier\u00eda y matem\u00e1ticas.<br \/>\u25cb\u00a0 Mejora la adquisici\u00f3n del lenguaje y el conocimiento cultural, mientras que el lenguaje de se\u00f1as ofrece una capa adicional de comunicaci\u00f3n.<\/p><p style=\"padding-left: 40px;\"><strong>\u00a0\u00a0\u00a0\u00a0 Beneficios<\/strong><\/p><ul><li style=\"list-style-type: none;\"><ul><li style=\"list-style-type: none;\"><ul><li class=\" translation-block\"><strong>Desarrollo cognitivo:\u202f<\/strong>Promueve el pensamiento cr\u00edtico, resoluci\u00f3n de problemas y creatividad.<\/li><li class=\" translation-block\"><strong>Crecimiento socioemocional:\u202f<\/strong>Fomenta la empat\u00eda, adaptabilidad y habilidades de comunicaci\u00f3n.<\/li><li class=\" translation-block\"><strong>Proficiencia ling\u00fc\u00edstica:\u202f<\/strong>Mejora las habilidades biling\u00fces, ayudando a los ni\u00f1os a sentirse seguros en ambos idiomas.<\/li><li class=\" translation-block\"><strong>Conciencia cultural:\u202f<\/strong>Fomenta el aprecio por diversas culturas y promueve la inclusi\u00f3n.<\/li><\/ul><\/li><\/ul><\/li><\/ul>\t\t\t\t\t\t\t\t<\/div>\n\t\t\t\t<\/div>\n\t\t\t\t<div class=\"elementor-element elementor-element-bae1768 elementor-widget elementor-widget-text-editor\" data-id=\"bae1768\" data-element_type=\"widget\" data-e-type=\"widget\" data-widget_type=\"text-editor.default\">\n\t\t\t\t<div class=\"elementor-widget-container\">\n\t\t\t\t\t\t\t\t\t<p>6. <strong>Programa Noche de Pareja:<\/strong><\/p><p style=\"padding-left: 20px;\">\u25cb\u00a0 Ofrece a los padres la oportunidad de tener una noche libre con servicio de ni\u00f1era proporcionado en el centro.<br \/>\u25cb\u00a0 El \u00faltimo viernes de cada mes, los ni\u00f1os son cuidados en ECCC hasta las 11 p.m.<\/p><p style=\"padding-left: 40px;\"><strong>\u00a0\u00a0\u00a0\u00a0 Beneficios<\/strong><\/p><ul><li style=\"list-style-type: none;\"><ul><li style=\"list-style-type: none;\"><ul><li style=\"list-style-type: none;\"><ul><li class=\" translation-block\"><strong>Apoyo a las familias: <\/strong>Proporciona a los padres el tiempo personal necesario mientras se asegura de que sus hijos est\u00e9n bien cuidados.<\/li><li class=\" translation-block\"><strong>Fortalecimiento de relaciones: <\/strong>Permite a los padres reconectar y recargar energ\u00edas, fomentando lazos conyugales m\u00e1s fuertes.<\/li><li class=\" translation-block\"><strong>Alivio del estr\u00e9s:\u202f<\/strong>Reduce el estr\u00e9s parental al ofrecer un entorno seguro y estimulante para los ni\u00f1os.<\/li><\/ul><\/li><\/ul><\/li><\/ul><\/li><\/ul>\t\t\t\t\t\t\t\t<\/div>\n\t\t\t\t<\/div>\n\t\t\t\t<div class=\"elementor-element elementor-element-3005578 elementor-widget elementor-widget-text-editor\" data-id=\"3005578\" data-element_type=\"widget\" data-e-type=\"widget\" data-widget_type=\"text-editor.default\">\n\t\t\t\t<div class=\"elementor-widget-container\">\n\t\t\t\t\t\t\t\t\t<p>Cada uno de estos programas proporciona a los ni\u00f1os habilidades y experiencias valiosas que sientan una base s\u00f3lida para el \u00e9xito acad\u00e9mico, social y emocional futuro. Al involucrar a los ni\u00f1os en experiencias de aprendizaje pr\u00e1cticas y significativas, ECCC fomenta su curiosidad, creatividad y amor por el aprendizaje, encamin\u00e1ndolos a convertirse en individuos seguros, compasivos y capaces.<\/p>\t\t\t\t\t\t\t\t<\/div>\n\t\t\t\t<\/div>\n\t\t\t\t\t<\/div>\n\t\t<\/div>\n\t\t\t\t\t<\/div>\n\t\t<\/section>\n\t\t\t\t<\/div>","protected":false},"excerpt":{"rendered":"<p>Flagship Programs Dr. Mar\u00eda Montessori \u201cChildren acquire knowledge through experience in the environment.\u201d 1.\u00a0 \u201cBrilliant Entrepreneurs\u201d Program: \u25cb\u00a0 Hands-on creation of products linked to children\u2019s interests.\u25cb\u00a0 Mini market events\u202fwhere kids experience selling and exchanging.\u25cb\u00a0 Donation initiative\u202fto teach purpose-driven entrepreneurship.\u25cb\u00a0 Parent involvement workshops\u202fto reinforce values at home. \u00a0\u00a0\u00a0\u00a0\u00a0 Benefits: Entrepreneurial mindset:\u202fEncourages creativity, innovation, and problem-solving. Social [&hellip;]<\/p>","protected":false},"author":1,"featured_media":0,"parent":0,"menu_order":0,"comment_status":"closed","ping_status":"closed","template":"","meta":{"site-sidebar-layout":"default","site-content-layout":"","ast-site-content-layout":"","site-content-style":"default","site-sidebar-style":"default","ast-global-header-display":"","ast-banner-title-visibility":"","ast-main-header-display":"","ast-hfb-above-header-display":"","ast-hfb-below-header-display":"","ast-hfb-mobile-header-display":"","site-post-title":"","ast-breadcrumbs-content":"","ast-featured-img":"","footer-sml-layout":"","theme-transparent-header-meta":"","adv-header-id-meta":"","stick-header-meta":"","header-above-stick-meta":"","header-main-stick-meta":"","header-below-stick-meta":"","astra-migrate-meta-layouts":"default","ast-page-background-enabled":"default","ast-page-background-meta":{"desktop":{"background-color":"var(--ast-global-color-4)","background-image":"","background-repeat":"repeat","background-position":"center center","background-size":"auto","background-attachment":"scroll","background-type":"","background-media":"","overlay-type":"","overlay-color":"","overlay-opacity":"","overlay-gradient":""},"tablet":{"background-color":"","background-image":"","background-repeat":"repeat","background-position":"center center","background-size":"auto","background-attachment":"scroll","background-type":"","background-media":"","overlay-type":"","overlay-color":"","overlay-opacity":"","overlay-gradient":""},"mobile":{"background-color":"","background-image":"","background-repeat":"repeat","background-position":"center center","background-size":"auto","background-attachment":"scroll","background-type":"","background-media":"","overlay-type":"","overlay-color":"","overlay-opacity":"","overlay-gradient":""}},"ast-content-background-meta":{"desktop":{"background-color":"var(--ast-global-color-5)","background-image":"","background-repeat":"repeat","background-position":"center center","background-size":"auto","background-attachment":"scroll","background-type":"","background-media":"","overlay-type":"","overlay-color":"","overlay-opacity":"","overlay-gradient":""},"tablet":{"background-color":"var(--ast-global-color-5)","background-image":"","background-repeat":"repeat","background-position":"center center","background-size":"auto","background-attachment":"scroll","background-type":"","background-media":"","overlay-type":"","overlay-color":"","overlay-opacity":"","overlay-gradient":""},"mobile":{"background-color":"var(--ast-global-color-5)","background-image":"","background-repeat":"repeat","background-position":"center center","background-size":"auto","background-attachment":"scroll","background-type":"","background-media":"","overlay-type":"","overlay-color":"","overlay-opacity":"","overlay-gradient":""}},"footnotes":""},"class_list":["post-3147","page","type-page","status-publish","hentry"],"_links":{"self":[{"href":"https:\/\/eagleschildcare.com\/es\/wp-json\/wp\/v2\/pages\/3147","targetHints":{"allow":["GET"]}}],"collection":[{"href":"https:\/\/eagleschildcare.com\/es\/wp-json\/wp\/v2\/pages"}],"about":[{"href":"https:\/\/eagleschildcare.com\/es\/wp-json\/wp\/v2\/types\/page"}],"author":[{"embeddable":true,"href":"https:\/\/eagleschildcare.com\/es\/wp-json\/wp\/v2\/users\/1"}],"replies":[{"embeddable":true,"href":"https:\/\/eagleschildcare.com\/es\/wp-json\/wp\/v2\/comments?post=3147"}],"version-history":[{"count":0,"href":"https:\/\/eagleschildcare.com\/es\/wp-json\/wp\/v2\/pages\/3147\/revisions"}],"wp:attachment":[{"href":"https:\/\/eagleschildcare.com\/es\/wp-json\/wp\/v2\/media?parent=3147"}],"curies":[{"name":"wp","href":"https:\/\/api.w.org\/{rel}","templated":true}]}}