{"id":3435,"date":"2025-02-13T14:51:08","date_gmt":"2025-02-13T14:51:08","guid":{"rendered":"https:\/\/eagleschildcare.com\/?page_id=3435"},"modified":"2025-04-24T22:55:16","modified_gmt":"2025-04-24T22:55:16","slug":"parents","status":"publish","type":"page","link":"https:\/\/eagleschildcare.com\/es\/parents\/","title":{"rendered":"Parents Corner"},"content":{"rendered":"<div data-elementor-type=\"wp-page\" data-elementor-id=\"3435\" class=\"elementor elementor-3435\" data-elementor-post-type=\"page\">\n\t\t\t\t\t\t<section class=\"elementor-section elementor-top-section elementor-element elementor-element-6508804 elementor-section-boxed elementor-section-height-default elementor-section-height-default\" data-id=\"6508804\" data-element_type=\"section\" data-e-type=\"section\">\n\t\t\t\t\t\t<div class=\"elementor-container elementor-column-gap-default\">\n\t\t\t\t\t<div class=\"elementor-column elementor-col-100 elementor-top-column elementor-element elementor-element-74084cd\" data-id=\"74084cd\" data-element_type=\"column\" data-e-type=\"column\">\n\t\t\t<div class=\"elementor-widget-wrap elementor-element-populated\">\n\t\t\t\t\t\t<div class=\"elementor-element elementor-element-23ec07a elementor-widget elementor-widget-image\" data-id=\"23ec07a\" data-element_type=\"widget\" data-e-type=\"widget\" data-widget_type=\"image.default\">\n\t\t\t\t<div class=\"elementor-widget-container\">\n\t\t\t\t\t\t\t\t\t\t\t\t\t\t\t<img decoding=\"async\" src=\"https:\/\/eagleschildcare.com\/wp-content\/uploads\/elementor\/thumbs\/parents2-r1gbc88kcc4nclcp9rx8m0mrskj5a3uzbl4gtu8mh0.jpg\" title=\"parents2\" alt=\"parents2\" loading=\"lazy\" \/>\t\t\t\t\t\t\t\t\t\t\t\t\t\t\t<\/div>\n\t\t\t\t<\/div>\n\t\t\t\t<div class=\"elementor-element elementor-element-37f4e38 elementor-widget elementor-widget-heading\" data-id=\"37f4e38\" data-element_type=\"widget\" data-e-type=\"widget\" data-widget_type=\"heading.default\">\n\t\t\t\t<div class=\"elementor-widget-container\">\n\t\t\t\t\t<h2 class=\"elementor-heading-title elementor-size-default\">Parents Corner<\/h2>\t\t\t\t<\/div>\n\t\t\t\t<\/div>\n\t\t\t\t\t<\/div>\n\t\t<\/div>\n\t\t\t\t\t<\/div>\n\t\t<\/section>\n\t\t\t\t<section class=\"elementor-section elementor-top-section elementor-element elementor-element-64e7e1e elementor-section-boxed elementor-section-height-default elementor-section-height-default\" data-id=\"64e7e1e\" data-element_type=\"section\" data-e-type=\"section\">\n\t\t\t\t\t\t<div class=\"elementor-container elementor-column-gap-default\">\n\t\t\t\t\t<div class=\"elementor-column elementor-col-16 elementor-top-column elementor-element elementor-element-9f7b522\" data-id=\"9f7b522\" data-element_type=\"column\" data-e-type=\"column\">\n\t\t\t<div class=\"elementor-widget-wrap\">\n\t\t\t\t\t\t\t<\/div>\n\t\t<\/div>\n\t\t\t\t<div class=\"elementor-column elementor-col-66 elementor-top-column elementor-element elementor-element-15ba8c2\" data-id=\"15ba8c2\" data-element_type=\"column\" data-e-type=\"column\">\n\t\t\t<div class=\"elementor-widget-wrap elementor-element-populated\">\n\t\t\t\t\t\t<div class=\"elementor-element elementor-element-35daa16 elementor-widget elementor-widget-text-editor\" data-id=\"35daa16\" data-element_type=\"widget\" data-e-type=\"widget\" data-widget_type=\"text-editor.default\">\n\t\t\t\t<div class=\"elementor-widget-container\">\n\t\t\t\t\t\t\t\t\t<h3><strong data-olk-copy-source=\"MessageBody\">Objetivos<\/strong><\/h3><p>En Eagles Child Care Center, creemos que las familias son socios fundamentales en el camino educativo de cada ni\u00f1o. El\u00a0<strong>Rinc\u00f3n de Padres<\/strong>\u00a0est\u00e1 dise\u00f1ado para fortalecer esta colaboraci\u00f3n brindando recursos significativos, informaci\u00f3n actualizada y una comunicaci\u00f3n constante y de apoyo. Nuestros objetivos incluyen:<\/p><ul><li><p><strong>Fomentar la conexi\u00f3n:<\/strong>\u00a0Promover una comunicaci\u00f3n abierta y una colaboraci\u00f3n activa entre las familias y los educadores para apoyar el desarrollo integral de cada ni\u00f1o.<\/p><\/li><li><p><strong>Empoderar a los Padres:<\/strong>\u00a0Ofrecer orientaci\u00f3n, herramientas y conocimientos que ayuden a las familias a participar de manera significativa en la experiencia Montessori en el hogar y en el centro.<\/p><\/li><li><p><strong>Compartir recursos:<\/strong>\u00a0Proporcionar acceso f\u00e1cil a calendarios, men\u00fas, boletines, manuales y materiales educativos para mantener a las familias informadas y conectadas.<\/p><\/li><li><p><strong>Celebrar la Comunidad:<\/strong>\u00a0Destacar eventos familiares, momentos especiales y proyectos colaborativos que fortalecen la uni\u00f3n de nuestra comunidad ECCC.<\/p><\/li><li><p><strong>Apoyar el Crecimiento:<\/strong>\u00a0Compartir consejos de expertos y orientaci\u00f3n sobre el desarrollo para apoyar la crianza y el bienestar familiar.<\/p><\/li><li><p><strong>Involucrarse en los programas insignia:<\/strong>\u00a0Invitar a las familias a participar en actividades y eventos relacionados con nuestros programas insignia, como\u00a0<strong>Inmersi\u00f3n en Espa\u00f1ol<\/strong>,\u00a0<strong>Peque\u00f1os Emprendedores Montessori<\/strong>,\u00a0<strong>Peque\u00f1os Chefs en la Academia de Cocina<\/strong>,\u00a0<strong>Compostaje y Reciclaje<\/strong>, and\u00a0<strong>STEMlings<\/strong>, fortaleciendo el aprendizaje a trav\u00e9s de experiencias compartidas y promoviendo valores como la sostenibilidad, la innovaci\u00f3n y la responsabilidad social.<\/p><\/li><li><p><strong>Promover la relaci\u00f3n de Pareja:<\/strong>\u00a0Ofrecer iniciativas como\u00a0<strong>Noche de Pareja<\/strong>, un regalo especial de ECCC que brinda a los padres tiempo de calidad juntos, fortaleciendo sus v\u00ednculos y fomentando una relaci\u00f3n saludable y s\u00f3lida.<\/p><\/li><\/ul><p>Invitamos a todas las familias de ECCC a explorar, conectarse y crecer juntas a trav\u00e9s del Rinc\u00f3n de Padres.<\/p>\t\t\t\t\t\t\t\t<\/div>\n\t\t\t\t<\/div>\n\t\t\t\t\t<\/div>\n\t\t<\/div>\n\t\t\t\t<div class=\"elementor-column elementor-col-16 elementor-top-column elementor-element elementor-element-e9ff0d9\" data-id=\"e9ff0d9\" data-element_type=\"column\" data-e-type=\"column\">\n\t\t\t<div class=\"elementor-widget-wrap\">\n\t\t\t\t\t\t\t<\/div>\n\t\t<\/div>\n\t\t\t\t\t<\/div>\n\t\t<\/section>\n\t\t\t\t<\/div>","protected":false},"excerpt":{"rendered":"<p>Parents Corner Objectives At Eagles Child Care Center, we believe that families are essential partners in each child&#8217;s educational journey. The\u00a0Parents&#8217; Corner\u00a0is designed to strengthen this collaboration by providing meaningful resources, up-to-date information, and consistent, supportive communication. Our goals include: Fostering Connection:\u00a0Promote open communication and active collaboration between families and educators to support the holistic [&hellip;]<\/p>","protected":false},"author":1,"featured_media":0,"parent":0,"menu_order":0,"comment_status":"closed","ping_status":"closed","template":"","meta":{"site-sidebar-layout":"no-sidebar","site-content-layout":"","ast-site-content-layout":"full-width-container","site-content-style":"default","site-sidebar-style":"default","ast-global-header-display":"","ast-banner-title-visibility":"","ast-main-header-display":"","ast-hfb-above-header-display":"","ast-hfb-below-header-display":"","ast-hfb-mobile-header-display":"","site-post-title":"disabled","ast-breadcrumbs-content":"","ast-featured-img":"disabled","footer-sml-layout":"","theme-transparent-header-meta":"","adv-header-id-meta":"","stick-header-meta":"","header-above-stick-meta":"","header-main-stick-meta":"","header-below-stick-meta":"","astra-migrate-meta-layouts":"default","ast-page-background-enabled":"default","ast-page-background-meta":{"desktop":{"background-color":"var(--ast-global-color-4)","background-image":"","background-repeat":"repeat","background-position":"center center","background-size":"auto","background-attachment":"scroll","background-type":"","background-media":"","overlay-type":"","overlay-color":"","overlay-opacity":"","overlay-gradient":""},"tablet":{"background-color":"","background-image":"","background-repeat":"repeat","background-position":"center center","background-size":"auto","background-attachment":"scroll","background-type":"","background-media":"","overlay-type":"","overlay-color":"","overlay-opacity":"","overlay-gradient":""},"mobile":{"background-color":"","background-image":"","background-repeat":"repeat","background-position":"center center","background-size":"auto","background-attachment":"scroll","background-type":"","background-media":"","overlay-type":"","overlay-color":"","overlay-opacity":"","overlay-gradient":""}},"ast-content-background-meta":{"desktop":{"background-color":"var(--ast-global-color-5)","background-image":"","background-repeat":"repeat","background-position":"center center","background-size":"auto","background-attachment":"scroll","background-type":"","background-media":"","overlay-type":"","overlay-color":"","overlay-opacity":"","overlay-gradient":""},"tablet":{"background-color":"var(--ast-global-color-5)","background-image":"","background-repeat":"repeat","background-position":"center center","background-size":"auto","background-attachment":"scroll","background-type":"","background-media":"","overlay-type":"","overlay-color":"","overlay-opacity":"","overlay-gradient":""},"mobile":{"background-color":"var(--ast-global-color-5)","background-image":"","background-repeat":"repeat","background-position":"center center","background-size":"auto","background-attachment":"scroll","background-type":"","background-media":"","overlay-type":"","overlay-color":"","overlay-opacity":"","overlay-gradient":""}},"footnotes":""},"class_list":["post-3435","page","type-page","status-publish","hentry"],"_links":{"self":[{"href":"https:\/\/eagleschildcare.com\/es\/wp-json\/wp\/v2\/pages\/3435","targetHints":{"allow":["GET"]}}],"collection":[{"href":"https:\/\/eagleschildcare.com\/es\/wp-json\/wp\/v2\/pages"}],"about":[{"href":"https:\/\/eagleschildcare.com\/es\/wp-json\/wp\/v2\/types\/page"}],"author":[{"embeddable":true,"href":"https:\/\/eagleschildcare.com\/es\/wp-json\/wp\/v2\/users\/1"}],"replies":[{"embeddable":true,"href":"https:\/\/eagleschildcare.com\/es\/wp-json\/wp\/v2\/comments?post=3435"}],"version-history":[{"count":0,"href":"https:\/\/eagleschildcare.com\/es\/wp-json\/wp\/v2\/pages\/3435\/revisions"}],"wp:attachment":[{"href":"https:\/\/eagleschildcare.com\/es\/wp-json\/wp\/v2\/media?parent=3435"}],"curies":[{"name":"wp","href":"https:\/\/api.w.org\/{rel}","templated":true}]}}